{"id":110,"date":"2023-03-15T14:43:35","date_gmt":"2023-03-15T21:43:35","guid":{"rendered":"http:\/\/www.cirujanoscertificadosmexicali.com\/espanol\/?page_id=110"},"modified":"2023-03-23T12:27:25","modified_gmt":"2023-03-23T19:27:25","slug":"preguntas-frecuentes-consultorios-operaciones-en-mexicali","status":"publish","type":"page","link":"https:\/\/www.cirujanoscertificadosmexicali.com\/espanol\/preguntas-frecuentes-consultorios-operaciones-en-mexicali\/","title":{"rendered":"Preguntas Frecuentes"},"content":{"rendered":"\n<ul class=\"wp-block-list\">\n<li><\/li>\n<\/ul>\n\n\n\n<p><\/p>\n\n\n\n<figure class=\"wp-block-image size-large\"><center><img fetchpriority=\"high\" decoding=\"async\" width=\"1024\" height=\"559\" src=\"https:\/\/www.cirujanoscertificadosmexicali.com\/espanol\/wp-content\/uploads\/2023\/03\/preguntasfrecuentes-icono-1024x559.jpeg\" alt=\"\" class=\"wp-image-324\" srcset=\"https:\/\/www.cirujanoscertificadosmexicali.com\/espanol\/wp-content\/uploads\/2023\/03\/preguntasfrecuentes-icono-1024x559.jpeg 1024w, https:\/\/www.cirujanoscertificadosmexicali.com\/espanol\/wp-content\/uploads\/2023\/03\/preguntasfrecuentes-icono-300x164.jpeg 300w, https:\/\/www.cirujanoscertificadosmexicali.com\/espanol\/wp-content\/uploads\/2023\/03\/preguntasfrecuentes-icono-768x419.jpeg 768w, https:\/\/www.cirujanoscertificadosmexicali.com\/espanol\/wp-content\/uploads\/2023\/03\/preguntasfrecuentes-icono-1536x838.jpeg 1536w, https:\/\/www.cirujanoscertificadosmexicali.com\/espanol\/wp-content\/uploads\/2023\/03\/preguntasfrecuentes-icono-600x328.jpeg 600w, https:\/\/www.cirujanoscertificadosmexicali.com\/espanol\/wp-content\/uploads\/2023\/03\/preguntasfrecuentes-icono.jpeg 1733w\" sizes=\"(max-width: 1024px) 100vw, 1024px\" \/><\/figure><\/center>\n\n\n\n<pre class=\"wp-block-preformatted\"><strong>Rostro<\/strong>\n\n\n<strong>Rejuvenecimiento facial:<\/strong> El rejuvenecimiento facial consiste en la utilizaci\u00f3n de diversas t\u00e9cnicas para corregir las manifestaciones de la edad en la piel. Blefaroplastia: La blefaroplastia es un tipo de cirug\u00eda que elimina el exceso de piel de los p\u00e1rpados.\n\n<strong>Rinoplastia:<\/strong> La rinoplastia es una cirug\u00eda en la que se modifica la forma de la nariz. El motivo de la rinoplastia puede ser cambiar la apariencia de la nariz, mejorar la respiraci\u00f3n o ambos.\n\n<strong>Rinomodelaci\u00f3n:<\/strong> La rinomodelaci\u00f3n consiste en un tratamiento que permite remodelar la nariz sin necesidad de cirug\u00eda o rinoplastia m\u00ednimamente invasiva.\n\n<strong>Bichectom\u00eda:<\/strong> Es una cirug\u00eda donde se realiza una incisi\u00f3n de aproximadamente 1 cm dentro de la boca, se busca y retira el tejido graso encapsulado (bolsas de Bichat) para mejorar los rasgos faciales.\nLiposucci\u00f3n de papada: Es una cirug\u00eda m\u00ednimamente invasiva que elimina la grasa localizada en el cuello y la papada, remodelando la zona y mejorando la armon\u00eda del rostro.\n\n<strong>Mentoplastia:<\/strong> La mentoplastia o cirug\u00eda de ment\u00f3n es una intervenci\u00f3n quir\u00fargica r\u00e1pida y sencilla que ofrece unos resultados est\u00e9ticos incre\u00edbles en el ment\u00f3n o barbilla.\n\n<strong>Cirug\u00eda de orejas (otoplastia):<\/strong> La otoplastia, tambi\u00e9n conocida como cirug\u00eda est\u00e9tica de orejas, es un procedimiento para cambiar la forma, la posici\u00f3n o el tama\u00f1o de las orejas.\n\n<strong>Perfiloplastia:<\/strong> Incluye operaciones como la modificaci\u00f3n del ment\u00f3n o eliminaci\u00f3n de grasa localizada, conocida como papada, as\u00ed como diferentes cirug\u00edas de nariz.\n\n\n<strong>Piel \/ No Quir\u00fargico<\/strong>\n\n\n<strong>Rellenos faciales:<\/strong> Los rellenos faciales son sustancias que se inyectan en la piel para suavizar las arrugas y hacerlas menos notorias.\n\n<strong>Rejuvenecimiento facial:<\/strong> El rejuvenecimiento facial consiste en la utilizaci\u00f3n de diversas t\u00e9cnicas para corregir las manifestaciones de la edad en la piel. Correcci\u00f3n de cicatrices y estr\u00edas.\n\n<strong>Ojeras:<\/strong> Las causas de las ojeras var\u00edan y van desde noches de poco sue\u00f1o hasta factores gen\u00e9ticos.\nCirug\u00eda de busto\n\n<strong>Aumento de senos:<\/strong> El aumento de senos, tambi\u00e9n conocido como mamoplast\u00eda, es una cirug\u00eda que se realiza para aumentar el tama\u00f1o de los senos.\n\n<strong>Levantamiento de senos:<\/strong> El levantamiento de senos, o mastopexia, es una cirug\u00eda est\u00e9tica para levantar los senos. La cirug\u00eda tambi\u00e9n puede implicar cambiar la posici\u00f3n de la areola y el pez\u00f3n.\n\n<strong>Reducci\u00f3n de senos: <\/strong>Es un procedimiento utilizado para eliminar el exceso de grasa, tejido y piel de los senos.\n\n<strong>Ginecomastia:<\/strong> A veces los hombres desarrollan senos durante la pubertad. Esto se llama ginecomastia.\ncontorno corporal\n\n<strong>Braquioplastia (Cirug\u00eda de Brazos): <\/strong>El lifting de brazos, tambi\u00e9n llamado braquioplastia, es una cirug\u00eda que se aplica para eliminar el antiest\u00e9tico exceso de piel de los brazos con el objetivo de mejorar su apariencia para que sean m\u00e1s firmes y tersos.\n\n<strong>Gluteoplastia:<\/strong> Es un procedimiento quir\u00fargico en el que se aumenta el volumen y se mejora la forma en algunos casos, o se elimina el exceso de piel y grasa de la zona, en otros.\n\n<strong>Abdominoplastia (Lipectom\u00eda): <\/strong>La abdominoplastia es una cirug\u00eda de la pared abdominal. Es un procedimiento quir\u00fargico encargado de la eliminaci\u00f3n del exceso de piel y grasa del abdomen medio e inferior; mientras reposiciona y fortalece los m\u00fasculos de la pared abdominal.\n\n<strong>Lipoescultura HD:<\/strong> La lipoescultura y lipoescultura HD o de Alta Definici\u00f3n nos permite esculpir el cuerpo mediante el uso de alta tecnolog\u00eda para lograr la apariencia de una musculatura definida, logrando una apariencia atl\u00e9tica.\n\n<strong>Lipomarcaje:<\/strong> El lipomarcaje es una rama de la liposucci\u00f3n en la que se pueden marcar los m\u00fasculos abdominales, espalda, piernas y brazos. Se utiliza un equipo especial llamado Vaser o L\u00e1ser.\n\n<strong>Mommy Makeover:<\/strong> consiste en recuperar en el menor tiempo posible la figura que ten\u00eda la mujer antes de quedar embarazada a trav\u00e9s de diversos procedimientos.\n\n<strong>Levantamiento de gl\u00fateos brasile\u00f1o (BBL):<\/strong> t\u00e9cnicas especializadas de transferencia de grasa para lograr un contorno de gl\u00fateos m\u00e1s completo y redondo.\nCirug\u00eda reconstructiva.\n\n<strong>Lesi\u00f3n tendinosa:<\/strong> Las lesiones tendinosas pueden ser, en general, de tres tipos: tendinitis, tendinosis o tenosinovitis.\n\n<strong>Heridas cr\u00f3nicas:<\/strong> Es una herida que requiere periodos de tiempo muy prolongados para su cicatrizaci\u00f3n.\n\n<strong>\nCicatrices:<\/strong> Una cicatriz es un parche permanente de piel que crece sobre una herida. Se forma cuando el cuerpo sana despu\u00e9s de un corte, raspadura, quemadura o herida.\n\n<strong>C\u00e1ncer de piel:<\/strong> los dos tipos m\u00e1s comunes son el c\u00e1ncer de c\u00e9lulas basales y el c\u00e1ncer de c\u00e9lulas escamosas.\n\n<strong>Reconstrucci\u00f3n mamaria:<\/strong> el uso de un implante mamario es una opci\u00f3n para reconstruir la forma de la mama despu\u00e9s de la cirug\u00eda para extirpar el c\u00e1ncer. Se pueden utilizar varios tipos de implantes.<\/pre>\n","protected":false},"excerpt":{"rendered":"<p>Rostro Rejuvenecimiento facial: El rejuvenecimiento facial consiste en la utilizaci\u00f3n de diversas t\u00e9cnicas para corregir las manifestaciones de la edad en la piel. Blefaroplastia: La blefaroplastia es un tipo de cirug\u00eda que elimina el exceso de piel de los p\u00e1rpados. Rinoplastia: La rinoplastia es una cirug\u00eda en la que se modifica la forma de la&#8230;<\/p>\n","protected":false},"author":1,"featured_media":0,"parent":0,"menu_order":0,"comment_status":"closed","ping_status":"closed","template":"","meta":{"footnotes":""},"class_list":["post-110","page","type-page","status-publish","hentry"],"yoast_head":"<!-- This site is optimized with the Yoast SEO plugin v27.6 - https:\/\/yoast.com\/product\/yoast-seo-wordpress\/ -->\n<title>Preguntas Frecuentes - Cirujanos Certificados Mexicali<\/title>\n<meta name=\"description\" content=\"Preguntas Frecuentes, Servicios, Costo y Ubicaci\u00f3n de Cirujanos Certificados en Mexicali, Llama Ahora (686) 582 00 50\" \/>\n<meta name=\"robots\" content=\"index, follow, max-snippet:-1, max-image-preview:large, max-video-preview:-1\" \/>\n<link rel=\"canonical\" href=\"https:\/\/www.cirujanoscertificadosmexicali.com\/espanol\/preguntas-frecuentes-consultorios-operaciones-en-mexicali\/\" \/>\n<meta property=\"og:locale\" content=\"es_ES\" \/>\n<meta property=\"og:type\" content=\"article\" \/>\n<meta property=\"og:title\" content=\"Preguntas Frecuentes - Cirujanos Certificados Mexicali\" \/>\n<meta property=\"og:description\" content=\"Preguntas Frecuentes, Servicios, Costo y Ubicaci\u00f3n de Cirujanos Certificados en Mexicali, Llama Ahora (686) 582 00 50\" \/>\n<meta property=\"og:url\" content=\"https:\/\/www.cirujanoscertificadosmexicali.com\/espanol\/preguntas-frecuentes-consultorios-operaciones-en-mexicali\/\" \/>\n<meta property=\"og:site_name\" content=\"Cirujanos Certificados Mexicali\" \/>\n<meta property=\"article:publisher\" content=\"https:\/\/www.facebook.com\/profile.php?id=100083069097830\" \/>\n<meta property=\"article:modified_time\" content=\"2023-03-23T19:27:25+00:00\" \/>\n<meta property=\"og:image\" content=\"https:\/\/www.cirujanoscertificadosmexicali.com\/espanol\/wp-content\/uploads\/2023\/03\/preguntasfrecuentes-icono-1024x559.jpeg\" \/>\n<meta name=\"twitter:card\" content=\"summary_large_image\" \/>\n<meta name=\"twitter:label1\" content=\"Tiempo de lectura\" \/>\n\t<meta name=\"twitter:data1\" content=\"4 minutos\" \/>\n<script type=\"application\/ld+json\" class=\"yoast-schema-graph\">{\"@context\":\"https:\\\/\\\/schema.org\",\"@graph\":[{\"@type\":\"WebPage\",\"@id\":\"https:\\\/\\\/www.cirujanoscertificadosmexicali.com\\\/espanol\\\/preguntas-frecuentes-consultorios-operaciones-en-mexicali\\\/\",\"url\":\"https:\\\/\\\/www.cirujanoscertificadosmexicali.com\\\/espanol\\\/preguntas-frecuentes-consultorios-operaciones-en-mexicali\\\/\",\"name\":\"Preguntas Frecuentes - Cirujanos Certificados Mexicali\",\"isPartOf\":{\"@id\":\"https:\\\/\\\/www.cirujanoscertificadosmexicali.com\\\/espanol\\\/#website\"},\"primaryImageOfPage\":{\"@id\":\"https:\\\/\\\/www.cirujanoscertificadosmexicali.com\\\/espanol\\\/preguntas-frecuentes-consultorios-operaciones-en-mexicali\\\/#primaryimage\"},\"image\":{\"@id\":\"https:\\\/\\\/www.cirujanoscertificadosmexicali.com\\\/espanol\\\/preguntas-frecuentes-consultorios-operaciones-en-mexicali\\\/#primaryimage\"},\"thumbnailUrl\":\"https:\\\/\\\/www.cirujanoscertificadosmexicali.com\\\/espanol\\\/wp-content\\\/uploads\\\/2023\\\/03\\\/preguntasfrecuentes-icono-1024x559.jpeg\",\"datePublished\":\"2023-03-15T21:43:35+00:00\",\"dateModified\":\"2023-03-23T19:27:25+00:00\",\"description\":\"Preguntas Frecuentes, Servicios, Costo y Ubicaci\u00f3n de Cirujanos Certificados en Mexicali, Llama Ahora (686) 582 00 50\",\"breadcrumb\":{\"@id\":\"https:\\\/\\\/www.cirujanoscertificadosmexicali.com\\\/espanol\\\/preguntas-frecuentes-consultorios-operaciones-en-mexicali\\\/#breadcrumb\"},\"inLanguage\":\"es\",\"potentialAction\":[{\"@type\":\"ReadAction\",\"target\":[\"https:\\\/\\\/www.cirujanoscertificadosmexicali.com\\\/espanol\\\/preguntas-frecuentes-consultorios-operaciones-en-mexicali\\\/\"]}]},{\"@type\":\"ImageObject\",\"inLanguage\":\"es\",\"@id\":\"https:\\\/\\\/www.cirujanoscertificadosmexicali.com\\\/espanol\\\/preguntas-frecuentes-consultorios-operaciones-en-mexicali\\\/#primaryimage\",\"url\":\"https:\\\/\\\/www.cirujanoscertificadosmexicali.com\\\/espanol\\\/wp-content\\\/uploads\\\/2023\\\/03\\\/preguntasfrecuentes-icono-1024x559.jpeg\",\"contentUrl\":\"https:\\\/\\\/www.cirujanoscertificadosmexicali.com\\\/espanol\\\/wp-content\\\/uploads\\\/2023\\\/03\\\/preguntasfrecuentes-icono-1024x559.jpeg\"},{\"@type\":\"BreadcrumbList\",\"@id\":\"https:\\\/\\\/www.cirujanoscertificadosmexicali.com\\\/espanol\\\/preguntas-frecuentes-consultorios-operaciones-en-mexicali\\\/#breadcrumb\",\"itemListElement\":[{\"@type\":\"ListItem\",\"position\":1,\"name\":\"Portada\",\"item\":\"https:\\\/\\\/www.cirujanoscertificadosmexicali.com\\\/espanol\\\/\"},{\"@type\":\"ListItem\",\"position\":2,\"name\":\"Preguntas Frecuentes\"}]},{\"@type\":\"WebSite\",\"@id\":\"https:\\\/\\\/www.cirujanoscertificadosmexicali.com\\\/espanol\\\/#website\",\"url\":\"https:\\\/\\\/www.cirujanoscertificadosmexicali.com\\\/espanol\\\/\",\"name\":\"Cirujanos Certificados Mexicali\",\"description\":\"\",\"publisher\":{\"@id\":\"https:\\\/\\\/www.cirujanoscertificadosmexicali.com\\\/espanol\\\/#organization\"},\"potentialAction\":[{\"@type\":\"SearchAction\",\"target\":{\"@type\":\"EntryPoint\",\"urlTemplate\":\"https:\\\/\\\/www.cirujanoscertificadosmexicali.com\\\/espanol\\\/?s={search_term_string}\"},\"query-input\":{\"@type\":\"PropertyValueSpecification\",\"valueRequired\":true,\"valueName\":\"search_term_string\"}}],\"inLanguage\":\"es\"},{\"@type\":\"Organization\",\"@id\":\"https:\\\/\\\/www.cirujanoscertificadosmexicali.com\\\/espanol\\\/#organization\",\"name\":\"Cirujanos Certificados Mexicali\",\"url\":\"https:\\\/\\\/www.cirujanoscertificadosmexicali.com\\\/espanol\\\/\",\"logo\":{\"@type\":\"ImageObject\",\"inLanguage\":\"es\",\"@id\":\"https:\\\/\\\/www.cirujanoscertificadosmexicali.com\\\/espanol\\\/#\\\/schema\\\/logo\\\/image\\\/\",\"url\":\"https:\\\/\\\/i0.wp.com\\\/www.cirujanoscertificadosmexicali.com\\\/wp-content\\\/uploads\\\/2023\\\/03\\\/313403251_817104909699317_8794777502193155684_n.jpg?fit=361%2C361&ssl=1\",\"contentUrl\":\"https:\\\/\\\/i0.wp.com\\\/www.cirujanoscertificadosmexicali.com\\\/wp-content\\\/uploads\\\/2023\\\/03\\\/313403251_817104909699317_8794777502193155684_n.jpg?fit=361%2C361&ssl=1\",\"width\":361,\"height\":361,\"caption\":\"Cirujanos Certificados Mexicali\"},\"image\":{\"@id\":\"https:\\\/\\\/www.cirujanoscertificadosmexicali.com\\\/espanol\\\/#\\\/schema\\\/logo\\\/image\\\/\"},\"sameAs\":[\"https:\\\/\\\/www.facebook.com\\\/profile.php?id=100083069097830\"]}]}<\/script>\n<!-- \/ Yoast SEO plugin. -->","yoast_head_json":{"title":"Preguntas Frecuentes - Cirujanos Certificados Mexicali","description":"Preguntas Frecuentes, Servicios, Costo y Ubicaci\u00f3n de Cirujanos Certificados en Mexicali, Llama Ahora (686) 582 00 50","robots":{"index":"index","follow":"follow","max-snippet":"max-snippet:-1","max-image-preview":"max-image-preview:large","max-video-preview":"max-video-preview:-1"},"canonical":"https:\/\/www.cirujanoscertificadosmexicali.com\/espanol\/preguntas-frecuentes-consultorios-operaciones-en-mexicali\/","og_locale":"es_ES","og_type":"article","og_title":"Preguntas Frecuentes - Cirujanos Certificados Mexicali","og_description":"Preguntas Frecuentes, Servicios, Costo y Ubicaci\u00f3n de Cirujanos Certificados en Mexicali, Llama Ahora (686) 582 00 50","og_url":"https:\/\/www.cirujanoscertificadosmexicali.com\/espanol\/preguntas-frecuentes-consultorios-operaciones-en-mexicali\/","og_site_name":"Cirujanos Certificados Mexicali","article_publisher":"https:\/\/www.facebook.com\/profile.php?id=100083069097830","article_modified_time":"2023-03-23T19:27:25+00:00","og_image":[{"url":"https:\/\/www.cirujanoscertificadosmexicali.com\/espanol\/wp-content\/uploads\/2023\/03\/preguntasfrecuentes-icono-1024x559.jpeg","type":"","width":"","height":""}],"twitter_card":"summary_large_image","twitter_misc":{"Tiempo de lectura":"4 minutos"},"schema":{"@context":"https:\/\/schema.org","@graph":[{"@type":"WebPage","@id":"https:\/\/www.cirujanoscertificadosmexicali.com\/espanol\/preguntas-frecuentes-consultorios-operaciones-en-mexicali\/","url":"https:\/\/www.cirujanoscertificadosmexicali.com\/espanol\/preguntas-frecuentes-consultorios-operaciones-en-mexicali\/","name":"Preguntas Frecuentes - Cirujanos Certificados Mexicali","isPartOf":{"@id":"https:\/\/www.cirujanoscertificadosmexicali.com\/espanol\/#website"},"primaryImageOfPage":{"@id":"https:\/\/www.cirujanoscertificadosmexicali.com\/espanol\/preguntas-frecuentes-consultorios-operaciones-en-mexicali\/#primaryimage"},"image":{"@id":"https:\/\/www.cirujanoscertificadosmexicali.com\/espanol\/preguntas-frecuentes-consultorios-operaciones-en-mexicali\/#primaryimage"},"thumbnailUrl":"https:\/\/www.cirujanoscertificadosmexicali.com\/espanol\/wp-content\/uploads\/2023\/03\/preguntasfrecuentes-icono-1024x559.jpeg","datePublished":"2023-03-15T21:43:35+00:00","dateModified":"2023-03-23T19:27:25+00:00","description":"Preguntas Frecuentes, Servicios, Costo y Ubicaci\u00f3n de Cirujanos Certificados en Mexicali, Llama Ahora (686) 582 00 50","breadcrumb":{"@id":"https:\/\/www.cirujanoscertificadosmexicali.com\/espanol\/preguntas-frecuentes-consultorios-operaciones-en-mexicali\/#breadcrumb"},"inLanguage":"es","potentialAction":[{"@type":"ReadAction","target":["https:\/\/www.cirujanoscertificadosmexicali.com\/espanol\/preguntas-frecuentes-consultorios-operaciones-en-mexicali\/"]}]},{"@type":"ImageObject","inLanguage":"es","@id":"https:\/\/www.cirujanoscertificadosmexicali.com\/espanol\/preguntas-frecuentes-consultorios-operaciones-en-mexicali\/#primaryimage","url":"https:\/\/www.cirujanoscertificadosmexicali.com\/espanol\/wp-content\/uploads\/2023\/03\/preguntasfrecuentes-icono-1024x559.jpeg","contentUrl":"https:\/\/www.cirujanoscertificadosmexicali.com\/espanol\/wp-content\/uploads\/2023\/03\/preguntasfrecuentes-icono-1024x559.jpeg"},{"@type":"BreadcrumbList","@id":"https:\/\/www.cirujanoscertificadosmexicali.com\/espanol\/preguntas-frecuentes-consultorios-operaciones-en-mexicali\/#breadcrumb","itemListElement":[{"@type":"ListItem","position":1,"name":"Portada","item":"https:\/\/www.cirujanoscertificadosmexicali.com\/espanol\/"},{"@type":"ListItem","position":2,"name":"Preguntas Frecuentes"}]},{"@type":"WebSite","@id":"https:\/\/www.cirujanoscertificadosmexicali.com\/espanol\/#website","url":"https:\/\/www.cirujanoscertificadosmexicali.com\/espanol\/","name":"Cirujanos Certificados Mexicali","description":"","publisher":{"@id":"https:\/\/www.cirujanoscertificadosmexicali.com\/espanol\/#organization"},"potentialAction":[{"@type":"SearchAction","target":{"@type":"EntryPoint","urlTemplate":"https:\/\/www.cirujanoscertificadosmexicali.com\/espanol\/?s={search_term_string}"},"query-input":{"@type":"PropertyValueSpecification","valueRequired":true,"valueName":"search_term_string"}}],"inLanguage":"es"},{"@type":"Organization","@id":"https:\/\/www.cirujanoscertificadosmexicali.com\/espanol\/#organization","name":"Cirujanos Certificados Mexicali","url":"https:\/\/www.cirujanoscertificadosmexicali.com\/espanol\/","logo":{"@type":"ImageObject","inLanguage":"es","@id":"https:\/\/www.cirujanoscertificadosmexicali.com\/espanol\/#\/schema\/logo\/image\/","url":"https:\/\/i0.wp.com\/www.cirujanoscertificadosmexicali.com\/wp-content\/uploads\/2023\/03\/313403251_817104909699317_8794777502193155684_n.jpg?fit=361%2C361&ssl=1","contentUrl":"https:\/\/i0.wp.com\/www.cirujanoscertificadosmexicali.com\/wp-content\/uploads\/2023\/03\/313403251_817104909699317_8794777502193155684_n.jpg?fit=361%2C361&ssl=1","width":361,"height":361,"caption":"Cirujanos Certificados Mexicali"},"image":{"@id":"https:\/\/www.cirujanoscertificadosmexicali.com\/espanol\/#\/schema\/logo\/image\/"},"sameAs":["https:\/\/www.facebook.com\/profile.php?id=100083069097830"]}]}},"_links":{"self":[{"href":"https:\/\/www.cirujanoscertificadosmexicali.com\/espanol\/wp-json\/wp\/v2\/pages\/110","targetHints":{"allow":["GET"]}}],"collection":[{"href":"https:\/\/www.cirujanoscertificadosmexicali.com\/espanol\/wp-json\/wp\/v2\/pages"}],"about":[{"href":"https:\/\/www.cirujanoscertificadosmexicali.com\/espanol\/wp-json\/wp\/v2\/types\/page"}],"author":[{"embeddable":true,"href":"https:\/\/www.cirujanoscertificadosmexicali.com\/espanol\/wp-json\/wp\/v2\/users\/1"}],"replies":[{"embeddable":true,"href":"https:\/\/www.cirujanoscertificadosmexicali.com\/espanol\/wp-json\/wp\/v2\/comments?post=110"}],"version-history":[{"count":10,"href":"https:\/\/www.cirujanoscertificadosmexicali.com\/espanol\/wp-json\/wp\/v2\/pages\/110\/revisions"}],"predecessor-version":[{"id":332,"href":"https:\/\/www.cirujanoscertificadosmexicali.com\/espanol\/wp-json\/wp\/v2\/pages\/110\/revisions\/332"}],"wp:attachment":[{"href":"https:\/\/www.cirujanoscertificadosmexicali.com\/espanol\/wp-json\/wp\/v2\/media?parent=110"}],"curies":[{"name":"wp","href":"https:\/\/api.w.org\/{rel}","templated":true}]}}