{"id":216,"date":"2023-03-18T11:06:10","date_gmt":"2023-03-18T18:06:10","guid":{"rendered":"http:\/\/www.cirujanoscertificadosmexicali.com\/espanol\/?page_id=216"},"modified":"2023-03-23T12:48:39","modified_gmt":"2023-03-23T19:48:39","slug":"tummy-tuck-lipectomia-cirujano-certificado-en-mexicali-dr-dagoberto-martinez","status":"publish","type":"page","link":"https:\/\/www.cirujanoscertificadosmexicali.com\/espanol\/cirujias-y-control-de-peso\/tummy-tuck-lipectomia-cirujano-certificado-en-mexicali-dr-dagoberto-martinez\/","title":{"rendered":"TUMMY TUCK \u2013 LIPECTOMIA"},"content":{"rendered":"\n<p><\/p>\n\n\n\n<div class=\"wp-block-columns is-layout-flex wp-container-core-columns-is-layout-9d6595d7 wp-block-columns-is-layout-flex\">\n<div class=\"wp-block-column is-layout-flow wp-block-column-is-layout-flow\">\n<figure class=\"wp-block-image size-full\"><img fetchpriority=\"high\" decoding=\"async\" width=\"750\" height=\"600\" src=\"http:\/\/www.cirujanoscertificadosmexicali.com\/espanol\/wp-content\/uploads\/2023\/03\/tummy-tuck-athens-ga-moore-center.jpg\" alt=\"\" class=\"wp-image-89\" srcset=\"https:\/\/www.cirujanoscertificadosmexicali.com\/espanol\/wp-content\/uploads\/2023\/03\/tummy-tuck-athens-ga-moore-center.jpg 750w, https:\/\/www.cirujanoscertificadosmexicali.com\/espanol\/wp-content\/uploads\/2023\/03\/tummy-tuck-athens-ga-moore-center-600x480.jpg 600w, https:\/\/www.cirujanoscertificadosmexicali.com\/espanol\/wp-content\/uploads\/2023\/03\/tummy-tuck-athens-ga-moore-center-300x240.jpg 300w, https:\/\/www.cirujanoscertificadosmexicali.com\/espanol\/wp-content\/uploads\/2023\/03\/tummy-tuck-athens-ga-moore-center-150x120.jpg 150w, https:\/\/www.cirujanoscertificadosmexicali.com\/espanol\/wp-content\/uploads\/2023\/03\/tummy-tuck-athens-ga-moore-center-540x432.jpg 540w, https:\/\/www.cirujanoscertificadosmexicali.com\/espanol\/wp-content\/uploads\/2023\/03\/tummy-tuck-athens-ga-moore-center-420x336.jpg 420w\" sizes=\"(max-width: 750px) 100vw, 750px\" \/><\/figure>\n<\/div>\n\n\n\n<div class=\"wp-block-column is-layout-flow wp-block-column-is-layout-flow\">\n<pre class=\"wp-block-verse\"><strong><em>\u00bfQu\u00e9 es una abdominoplastia\/abdominoplastia?<\/em><\/strong>\n\nUna abdominoplastia, tambi\u00e9n conocida como cirug\u00eda est\u00e9tica de abdomen, es un procedimiento popular que elimina el exceso de grasa y piel del \u00e1rea abdominal y, para muchos pacientes, aprieta y restaura los m\u00fasculos del est\u00f3mago a su forma y posici\u00f3n anteriores.\n\nLos beneficios de una abdominoplastia incluyen una secci\u00f3n media m\u00e1s suave y firme con un contorno general mejorado. Existen variaciones de la abdominoplastia y el procedimiento se personaliza para adaptarse a las necesidades espec\u00edficas de cada paciente.<\/pre>\n<\/div>\n\n\n\n<div class=\"wp-block-column is-layout-flow wp-block-column-is-layout-flow\">\n<pre class=\"wp-block-verse\">La abdominoplastia b\u00e1sica consiste en trabajar la secci\u00f3n abdominal desde la parte inferior de la caja tor\u00e1cica hasta la cadera.\n\n<strong><a href=\"https:\/\/book.stripe.com\/14kdSl1AD3Qs4Le9AF\">Schedule Appointment<\/a><\/strong>\n\n<strong><a href=\"https:\/\/book.stripe.com\/14kdSl1AD3Qs4Le9AF\">Reserva una Cita<\/a>\n<\/strong>\nAvenida Francisco I. Madero No. 998\nSuite 7 Esquina con calle B,\nMexicali Baja California\nUSA 001 442 200 7459\nLlamanos (686) 582 00 50<\/pre>\n\n\n\n<figure class=\"wp-block-image size-large\"><a href=\"https:\/\/book.stripe.com\/14kdSl1AD3Qs4Le9AF\"><img decoding=\"async\" width=\"1024\" height=\"576\" src=\"http:\/\/www.cirujanoscertificadosmexicali.com\/espanol\/wp-content\/uploads\/2023\/03\/pngtree-golden-gradient-book-now-sticker-design-free-vector-download-png-image_8701882-edited-1024x576.png\" alt=\"\" class=\"wp-image-213\" srcset=\"https:\/\/www.cirujanoscertificadosmexicali.com\/espanol\/wp-content\/uploads\/2023\/03\/pngtree-golden-gradient-book-now-sticker-design-free-vector-download-png-image_8701882-edited-1024x576.png 1024w, https:\/\/www.cirujanoscertificadosmexicali.com\/espanol\/wp-content\/uploads\/2023\/03\/pngtree-golden-gradient-book-now-sticker-design-free-vector-download-png-image_8701882-edited-300x169.png 300w, https:\/\/www.cirujanoscertificadosmexicali.com\/espanol\/wp-content\/uploads\/2023\/03\/pngtree-golden-gradient-book-now-sticker-design-free-vector-download-png-image_8701882-edited-768x432.png 768w, https:\/\/www.cirujanoscertificadosmexicali.com\/espanol\/wp-content\/uploads\/2023\/03\/pngtree-golden-gradient-book-now-sticker-design-free-vector-download-png-image_8701882-edited-600x338.png 600w, https:\/\/www.cirujanoscertificadosmexicali.com\/espanol\/wp-content\/uploads\/2023\/03\/pngtree-golden-gradient-book-now-sticker-design-free-vector-download-png-image_8701882-edited.png 1200w\" sizes=\"(max-width: 1024px) 100vw, 1024px\" \/><\/a><\/figure>\n<\/div>\n<\/div>\n","protected":false},"excerpt":{"rendered":"<p>\u00bfQu\u00e9 es una abdominoplastia\/abdominoplastia? Una abdominoplastia, tambi\u00e9n conocida como cirug\u00eda est\u00e9tica de abdomen, es un procedimiento popular que elimina el exceso de grasa y piel del \u00e1rea abdominal y, para muchos pacientes, aprieta y restaura los m\u00fasculos del est\u00f3mago a su forma y posici\u00f3n anteriores. Los beneficios de una abdominoplastia incluyen una secci\u00f3n media m\u00e1s&#8230;<\/p>\n","protected":false},"author":1,"featured_media":0,"parent":65,"menu_order":0,"comment_status":"closed","ping_status":"closed","template":"","meta":{"footnotes":""},"class_list":["post-216","page","type-page","status-publish","hentry"],"yoast_head":"<!-- This site is optimized with the Yoast SEO plugin v27.6 - https:\/\/yoast.com\/product\/yoast-seo-wordpress\/ -->\n<title>TUMMY TUCK \u2013 LIPECTOMIA - Cirujanos Certificados Mexicali<\/title>\n<meta name=\"description\" content=\"abdominoplastia, cirug\u00eda est\u00e9tica de abdomen, elimina el exceso de grasa y piel del \u00e1rea abdominal, cirujanos plasticos certificados en mexicali.\" \/>\n<meta name=\"robots\" content=\"index, follow, max-snippet:-1, max-image-preview:large, max-video-preview:-1\" \/>\n<link rel=\"canonical\" href=\"https:\/\/www.cirujanoscertificadosmexicali.com\/espanol\/cirujias-y-control-de-peso\/tummy-tuck-lipectomia-cirujano-certificado-en-mexicali-dr-dagoberto-martinez\/\" \/>\n<meta property=\"og:locale\" content=\"es_ES\" \/>\n<meta property=\"og:type\" content=\"article\" \/>\n<meta property=\"og:title\" content=\"TUMMY TUCK \u2013 LIPECTOMIA - Cirujanos Certificados Mexicali\" \/>\n<meta property=\"og:description\" content=\"abdominoplastia, cirug\u00eda est\u00e9tica de abdomen, elimina el exceso de grasa y piel del \u00e1rea abdominal, cirujanos plasticos certificados en mexicali.\" \/>\n<meta property=\"og:url\" content=\"https:\/\/www.cirujanoscertificadosmexicali.com\/espanol\/cirujias-y-control-de-peso\/tummy-tuck-lipectomia-cirujano-certificado-en-mexicali-dr-dagoberto-martinez\/\" \/>\n<meta property=\"og:site_name\" content=\"Cirujanos Certificados Mexicali\" \/>\n<meta property=\"article:publisher\" content=\"https:\/\/www.facebook.com\/profile.php?id=100083069097830\" \/>\n<meta property=\"article:modified_time\" content=\"2023-03-23T19:48:39+00:00\" \/>\n<meta property=\"og:image\" content=\"http:\/\/www.cirujanoscertificadosmexicali.com\/espanol\/wp-content\/uploads\/2023\/03\/tummy-tuck-athens-ga-moore-center.jpg\" \/>\n<meta name=\"twitter:card\" content=\"summary_large_image\" \/>\n<meta name=\"twitter:label1\" content=\"Tiempo de lectura\" \/>\n\t<meta name=\"twitter:data1\" content=\"2 minutos\" \/>\n<script type=\"application\/ld+json\" class=\"yoast-schema-graph\">{\"@context\":\"https:\\\/\\\/schema.org\",\"@graph\":[{\"@type\":\"WebPage\",\"@id\":\"https:\\\/\\\/www.cirujanoscertificadosmexicali.com\\\/espanol\\\/cirujias-y-control-de-peso\\\/tummy-tuck-lipectomia-cirujano-certificado-en-mexicali-dr-dagoberto-martinez\\\/\",\"url\":\"https:\\\/\\\/www.cirujanoscertificadosmexicali.com\\\/espanol\\\/cirujias-y-control-de-peso\\\/tummy-tuck-lipectomia-cirujano-certificado-en-mexicali-dr-dagoberto-martinez\\\/\",\"name\":\"TUMMY TUCK \u2013 LIPECTOMIA - Cirujanos Certificados Mexicali\",\"isPartOf\":{\"@id\":\"https:\\\/\\\/www.cirujanoscertificadosmexicali.com\\\/espanol\\\/#website\"},\"primaryImageOfPage\":{\"@id\":\"https:\\\/\\\/www.cirujanoscertificadosmexicali.com\\\/espanol\\\/cirujias-y-control-de-peso\\\/tummy-tuck-lipectomia-cirujano-certificado-en-mexicali-dr-dagoberto-martinez\\\/#primaryimage\"},\"image\":{\"@id\":\"https:\\\/\\\/www.cirujanoscertificadosmexicali.com\\\/espanol\\\/cirujias-y-control-de-peso\\\/tummy-tuck-lipectomia-cirujano-certificado-en-mexicali-dr-dagoberto-martinez\\\/#primaryimage\"},\"thumbnailUrl\":\"http:\\\/\\\/www.cirujanoscertificadosmexicali.com\\\/espanol\\\/wp-content\\\/uploads\\\/2023\\\/03\\\/tummy-tuck-athens-ga-moore-center.jpg\",\"datePublished\":\"2023-03-18T18:06:10+00:00\",\"dateModified\":\"2023-03-23T19:48:39+00:00\",\"description\":\"abdominoplastia, cirug\u00eda est\u00e9tica de abdomen, elimina el exceso de grasa y piel del \u00e1rea abdominal, cirujanos plasticos certificados en mexicali.\",\"breadcrumb\":{\"@id\":\"https:\\\/\\\/www.cirujanoscertificadosmexicali.com\\\/espanol\\\/cirujias-y-control-de-peso\\\/tummy-tuck-lipectomia-cirujano-certificado-en-mexicali-dr-dagoberto-martinez\\\/#breadcrumb\"},\"inLanguage\":\"es\",\"potentialAction\":[{\"@type\":\"ReadAction\",\"target\":[\"https:\\\/\\\/www.cirujanoscertificadosmexicali.com\\\/espanol\\\/cirujias-y-control-de-peso\\\/tummy-tuck-lipectomia-cirujano-certificado-en-mexicali-dr-dagoberto-martinez\\\/\"]}]},{\"@type\":\"ImageObject\",\"inLanguage\":\"es\",\"@id\":\"https:\\\/\\\/www.cirujanoscertificadosmexicali.com\\\/espanol\\\/cirujias-y-control-de-peso\\\/tummy-tuck-lipectomia-cirujano-certificado-en-mexicali-dr-dagoberto-martinez\\\/#primaryimage\",\"url\":\"http:\\\/\\\/www.cirujanoscertificadosmexicali.com\\\/espanol\\\/wp-content\\\/uploads\\\/2023\\\/03\\\/tummy-tuck-athens-ga-moore-center.jpg\",\"contentUrl\":\"http:\\\/\\\/www.cirujanoscertificadosmexicali.com\\\/espanol\\\/wp-content\\\/uploads\\\/2023\\\/03\\\/tummy-tuck-athens-ga-moore-center.jpg\"},{\"@type\":\"BreadcrumbList\",\"@id\":\"https:\\\/\\\/www.cirujanoscertificadosmexicali.com\\\/espanol\\\/cirujias-y-control-de-peso\\\/tummy-tuck-lipectomia-cirujano-certificado-en-mexicali-dr-dagoberto-martinez\\\/#breadcrumb\",\"itemListElement\":[{\"@type\":\"ListItem\",\"position\":1,\"name\":\"Portada\",\"item\":\"https:\\\/\\\/www.cirujanoscertificadosmexicali.com\\\/espanol\\\/\"},{\"@type\":\"ListItem\",\"position\":2,\"name\":\"PROCEDIMIENTOS\",\"item\":\"https:\\\/\\\/www.cirujanoscertificadosmexicali.com\\\/espanol\\\/cirujias-y-control-de-peso\\\/\"},{\"@type\":\"ListItem\",\"position\":3,\"name\":\"TUMMY TUCK \u2013 LIPECTOMIA\"}]},{\"@type\":\"WebSite\",\"@id\":\"https:\\\/\\\/www.cirujanoscertificadosmexicali.com\\\/espanol\\\/#website\",\"url\":\"https:\\\/\\\/www.cirujanoscertificadosmexicali.com\\\/espanol\\\/\",\"name\":\"Cirujanos Certificados Mexicali\",\"description\":\"\",\"publisher\":{\"@id\":\"https:\\\/\\\/www.cirujanoscertificadosmexicali.com\\\/espanol\\\/#organization\"},\"potentialAction\":[{\"@type\":\"SearchAction\",\"target\":{\"@type\":\"EntryPoint\",\"urlTemplate\":\"https:\\\/\\\/www.cirujanoscertificadosmexicali.com\\\/espanol\\\/?s={search_term_string}\"},\"query-input\":{\"@type\":\"PropertyValueSpecification\",\"valueRequired\":true,\"valueName\":\"search_term_string\"}}],\"inLanguage\":\"es\"},{\"@type\":\"Organization\",\"@id\":\"https:\\\/\\\/www.cirujanoscertificadosmexicali.com\\\/espanol\\\/#organization\",\"name\":\"Cirujanos Certificados Mexicali\",\"url\":\"https:\\\/\\\/www.cirujanoscertificadosmexicali.com\\\/espanol\\\/\",\"logo\":{\"@type\":\"ImageObject\",\"inLanguage\":\"es\",\"@id\":\"https:\\\/\\\/www.cirujanoscertificadosmexicali.com\\\/espanol\\\/#\\\/schema\\\/logo\\\/image\\\/\",\"url\":\"https:\\\/\\\/i0.wp.com\\\/www.cirujanoscertificadosmexicali.com\\\/wp-content\\\/uploads\\\/2023\\\/03\\\/313403251_817104909699317_8794777502193155684_n.jpg?fit=361%2C361&ssl=1\",\"contentUrl\":\"https:\\\/\\\/i0.wp.com\\\/www.cirujanoscertificadosmexicali.com\\\/wp-content\\\/uploads\\\/2023\\\/03\\\/313403251_817104909699317_8794777502193155684_n.jpg?fit=361%2C361&ssl=1\",\"width\":361,\"height\":361,\"caption\":\"Cirujanos Certificados Mexicali\"},\"image\":{\"@id\":\"https:\\\/\\\/www.cirujanoscertificadosmexicali.com\\\/espanol\\\/#\\\/schema\\\/logo\\\/image\\\/\"},\"sameAs\":[\"https:\\\/\\\/www.facebook.com\\\/profile.php?id=100083069097830\"]}]}<\/script>\n<!-- \/ Yoast SEO plugin. -->","yoast_head_json":{"title":"TUMMY TUCK \u2013 LIPECTOMIA - Cirujanos Certificados Mexicali","description":"abdominoplastia, cirug\u00eda est\u00e9tica de abdomen, elimina el exceso de grasa y piel del \u00e1rea abdominal, cirujanos plasticos certificados en mexicali.","robots":{"index":"index","follow":"follow","max-snippet":"max-snippet:-1","max-image-preview":"max-image-preview:large","max-video-preview":"max-video-preview:-1"},"canonical":"https:\/\/www.cirujanoscertificadosmexicali.com\/espanol\/cirujias-y-control-de-peso\/tummy-tuck-lipectomia-cirujano-certificado-en-mexicali-dr-dagoberto-martinez\/","og_locale":"es_ES","og_type":"article","og_title":"TUMMY TUCK \u2013 LIPECTOMIA - Cirujanos Certificados Mexicali","og_description":"abdominoplastia, cirug\u00eda est\u00e9tica de abdomen, elimina el exceso de grasa y piel del \u00e1rea abdominal, cirujanos plasticos certificados en mexicali.","og_url":"https:\/\/www.cirujanoscertificadosmexicali.com\/espanol\/cirujias-y-control-de-peso\/tummy-tuck-lipectomia-cirujano-certificado-en-mexicali-dr-dagoberto-martinez\/","og_site_name":"Cirujanos Certificados Mexicali","article_publisher":"https:\/\/www.facebook.com\/profile.php?id=100083069097830","article_modified_time":"2023-03-23T19:48:39+00:00","og_image":[{"url":"http:\/\/www.cirujanoscertificadosmexicali.com\/espanol\/wp-content\/uploads\/2023\/03\/tummy-tuck-athens-ga-moore-center.jpg","type":"","width":"","height":""}],"twitter_card":"summary_large_image","twitter_misc":{"Tiempo de lectura":"2 minutos"},"schema":{"@context":"https:\/\/schema.org","@graph":[{"@type":"WebPage","@id":"https:\/\/www.cirujanoscertificadosmexicali.com\/espanol\/cirujias-y-control-de-peso\/tummy-tuck-lipectomia-cirujano-certificado-en-mexicali-dr-dagoberto-martinez\/","url":"https:\/\/www.cirujanoscertificadosmexicali.com\/espanol\/cirujias-y-control-de-peso\/tummy-tuck-lipectomia-cirujano-certificado-en-mexicali-dr-dagoberto-martinez\/","name":"TUMMY TUCK \u2013 LIPECTOMIA - Cirujanos Certificados Mexicali","isPartOf":{"@id":"https:\/\/www.cirujanoscertificadosmexicali.com\/espanol\/#website"},"primaryImageOfPage":{"@id":"https:\/\/www.cirujanoscertificadosmexicali.com\/espanol\/cirujias-y-control-de-peso\/tummy-tuck-lipectomia-cirujano-certificado-en-mexicali-dr-dagoberto-martinez\/#primaryimage"},"image":{"@id":"https:\/\/www.cirujanoscertificadosmexicali.com\/espanol\/cirujias-y-control-de-peso\/tummy-tuck-lipectomia-cirujano-certificado-en-mexicali-dr-dagoberto-martinez\/#primaryimage"},"thumbnailUrl":"http:\/\/www.cirujanoscertificadosmexicali.com\/espanol\/wp-content\/uploads\/2023\/03\/tummy-tuck-athens-ga-moore-center.jpg","datePublished":"2023-03-18T18:06:10+00:00","dateModified":"2023-03-23T19:48:39+00:00","description":"abdominoplastia, cirug\u00eda est\u00e9tica de abdomen, elimina el exceso de grasa y piel del \u00e1rea abdominal, cirujanos plasticos certificados en mexicali.","breadcrumb":{"@id":"https:\/\/www.cirujanoscertificadosmexicali.com\/espanol\/cirujias-y-control-de-peso\/tummy-tuck-lipectomia-cirujano-certificado-en-mexicali-dr-dagoberto-martinez\/#breadcrumb"},"inLanguage":"es","potentialAction":[{"@type":"ReadAction","target":["https:\/\/www.cirujanoscertificadosmexicali.com\/espanol\/cirujias-y-control-de-peso\/tummy-tuck-lipectomia-cirujano-certificado-en-mexicali-dr-dagoberto-martinez\/"]}]},{"@type":"ImageObject","inLanguage":"es","@id":"https:\/\/www.cirujanoscertificadosmexicali.com\/espanol\/cirujias-y-control-de-peso\/tummy-tuck-lipectomia-cirujano-certificado-en-mexicali-dr-dagoberto-martinez\/#primaryimage","url":"http:\/\/www.cirujanoscertificadosmexicali.com\/espanol\/wp-content\/uploads\/2023\/03\/tummy-tuck-athens-ga-moore-center.jpg","contentUrl":"http:\/\/www.cirujanoscertificadosmexicali.com\/espanol\/wp-content\/uploads\/2023\/03\/tummy-tuck-athens-ga-moore-center.jpg"},{"@type":"BreadcrumbList","@id":"https:\/\/www.cirujanoscertificadosmexicali.com\/espanol\/cirujias-y-control-de-peso\/tummy-tuck-lipectomia-cirujano-certificado-en-mexicali-dr-dagoberto-martinez\/#breadcrumb","itemListElement":[{"@type":"ListItem","position":1,"name":"Portada","item":"https:\/\/www.cirujanoscertificadosmexicali.com\/espanol\/"},{"@type":"ListItem","position":2,"name":"PROCEDIMIENTOS","item":"https:\/\/www.cirujanoscertificadosmexicali.com\/espanol\/cirujias-y-control-de-peso\/"},{"@type":"ListItem","position":3,"name":"TUMMY TUCK \u2013 LIPECTOMIA"}]},{"@type":"WebSite","@id":"https:\/\/www.cirujanoscertificadosmexicali.com\/espanol\/#website","url":"https:\/\/www.cirujanoscertificadosmexicali.com\/espanol\/","name":"Cirujanos Certificados Mexicali","description":"","publisher":{"@id":"https:\/\/www.cirujanoscertificadosmexicali.com\/espanol\/#organization"},"potentialAction":[{"@type":"SearchAction","target":{"@type":"EntryPoint","urlTemplate":"https:\/\/www.cirujanoscertificadosmexicali.com\/espanol\/?s={search_term_string}"},"query-input":{"@type":"PropertyValueSpecification","valueRequired":true,"valueName":"search_term_string"}}],"inLanguage":"es"},{"@type":"Organization","@id":"https:\/\/www.cirujanoscertificadosmexicali.com\/espanol\/#organization","name":"Cirujanos Certificados Mexicali","url":"https:\/\/www.cirujanoscertificadosmexicali.com\/espanol\/","logo":{"@type":"ImageObject","inLanguage":"es","@id":"https:\/\/www.cirujanoscertificadosmexicali.com\/espanol\/#\/schema\/logo\/image\/","url":"https:\/\/i0.wp.com\/www.cirujanoscertificadosmexicali.com\/wp-content\/uploads\/2023\/03\/313403251_817104909699317_8794777502193155684_n.jpg?fit=361%2C361&ssl=1","contentUrl":"https:\/\/i0.wp.com\/www.cirujanoscertificadosmexicali.com\/wp-content\/uploads\/2023\/03\/313403251_817104909699317_8794777502193155684_n.jpg?fit=361%2C361&ssl=1","width":361,"height":361,"caption":"Cirujanos Certificados Mexicali"},"image":{"@id":"https:\/\/www.cirujanoscertificadosmexicali.com\/espanol\/#\/schema\/logo\/image\/"},"sameAs":["https:\/\/www.facebook.com\/profile.php?id=100083069097830"]}]}},"_links":{"self":[{"href":"https:\/\/www.cirujanoscertificadosmexicali.com\/espanol\/wp-json\/wp\/v2\/pages\/216","targetHints":{"allow":["GET"]}}],"collection":[{"href":"https:\/\/www.cirujanoscertificadosmexicali.com\/espanol\/wp-json\/wp\/v2\/pages"}],"about":[{"href":"https:\/\/www.cirujanoscertificadosmexicali.com\/espanol\/wp-json\/wp\/v2\/types\/page"}],"author":[{"embeddable":true,"href":"https:\/\/www.cirujanoscertificadosmexicali.com\/espanol\/wp-json\/wp\/v2\/users\/1"}],"replies":[{"embeddable":true,"href":"https:\/\/www.cirujanoscertificadosmexicali.com\/espanol\/wp-json\/wp\/v2\/comments?post=216"}],"version-history":[{"count":8,"href":"https:\/\/www.cirujanoscertificadosmexicali.com\/espanol\/wp-json\/wp\/v2\/pages\/216\/revisions"}],"predecessor-version":[{"id":310,"href":"https:\/\/www.cirujanoscertificadosmexicali.com\/espanol\/wp-json\/wp\/v2\/pages\/216\/revisions\/310"}],"up":[{"embeddable":true,"href":"https:\/\/www.cirujanoscertificadosmexicali.com\/espanol\/wp-json\/wp\/v2\/pages\/65"}],"wp:attachment":[{"href":"https:\/\/www.cirujanoscertificadosmexicali.com\/espanol\/wp-json\/wp\/v2\/media?parent=216"}],"curies":[{"name":"wp","href":"https:\/\/api.w.org\/{rel}","templated":true}]}}