{"id":67,"date":"2023-03-15T13:31:48","date_gmt":"2023-03-15T20:31:48","guid":{"rendered":"http:\/\/www.cirujanoscertificadosmexicali.com\/espanol\/?page_id=67"},"modified":"2023-03-23T12:28:25","modified_gmt":"2023-03-23T19:28:25","slug":"levantamiento-de-gluteos-brasileno-cirujanos-certificados-mexicali","status":"publish","type":"page","link":"https:\/\/www.cirujanoscertificadosmexicali.com\/espanol\/cirujias-y-control-de-peso\/levantamiento-de-gluteos-brasileno-cirujanos-certificados-mexicali\/","title":{"rendered":"LEVANTAMIENTO DE GL\u00daTEOS BRASILE\u00d1O"},"content":{"rendered":"\n<div class=\"wp-block-columns is-layout-flex wp-container-core-columns-is-layout-9d6595d7 wp-block-columns-is-layout-flex\">\n<div class=\"wp-block-column is-layout-flow wp-block-column-is-layout-flow\">\n<pre class=\"wp-block-verse\"><strong><em>Levantamiento de gl\u00fateos brasile\u00f1o (BBL)<\/em><\/strong>\n\nUno de los procedimientos m\u00e1s populares en la cirug\u00eda est\u00e9tica, en el que se succiona y transfiere la grasa, creando una apariencia m\u00e1s completa y redonda en su trasero.\n\nVentajas de someterse a una cirug\u00eda de levantamiento de gl\u00fateos brasile\u00f1o\n\nTambi\u00e9n existen otros tipos de cirug\u00edas de gl\u00fateos, por ejemplo, la colocaci\u00f3n de implantes de silicona en los gl\u00fateos, pero los resultados no son muy buenos. El levantamiento de gl\u00fateos brasile\u00f1o tiene como objetivo proporcionar resultados de aspecto natural y, al mismo tiempo, brindarle un trasero m\u00e1s completo y redondo.\n\nEsta cirug\u00eda ayuda a abordar problemas espec\u00edficos, por ejemplo, la falta de forma y la flacidez que a veces se presentan con la edad.\n\nSi no est\u00e1 contento con su figura desequilibrada y le incomoda usar ropa, entonces la cirug\u00eda de levantamiento de gl\u00fateos brasile\u00f1o es la soluci\u00f3n definitiva a este problema.\nEn comparaci\u00f3n con los implantes de gl\u00fateos de silicona, hay menos posibilidades de infecci\u00f3n en el levantamiento de gl\u00fateos brasile\u00f1o.\n\n<a href=\"https:\/\/buy.stripe.com\/fZe9C56UX5YAb9C8wA\"><strong><em>Reserve su fecha ahora<\/em><\/strong><\/a>\n\n<a href=\"https:\/\/buy.stripe.com\/fZe9C56UX5YAb9C8wA\"><strong><em>Book Your Date Now<\/em><\/strong><\/a><\/pre>\n<\/div>\n\n\n\n<div class=\"wp-block-column is-layout-flow wp-block-column-is-layout-flow\">\n<figure class=\"wp-block-image size-full\"><img fetchpriority=\"high\" decoding=\"async\" width=\"800\" height=\"600\" src=\"http:\/\/www.cirujanoscertificadosmexicali.com\/espanol\/wp-content\/uploads\/2023\/03\/lipotrasferencia-glutea.webp\" alt=\"\" class=\"wp-image-147\" srcset=\"https:\/\/www.cirujanoscertificadosmexicali.com\/espanol\/wp-content\/uploads\/2023\/03\/lipotrasferencia-glutea.webp 800w, https:\/\/www.cirujanoscertificadosmexicali.com\/espanol\/wp-content\/uploads\/2023\/03\/lipotrasferencia-glutea-300x225.webp 300w, https:\/\/www.cirujanoscertificadosmexicali.com\/espanol\/wp-content\/uploads\/2023\/03\/lipotrasferencia-glutea-768x576.webp 768w, https:\/\/www.cirujanoscertificadosmexicali.com\/espanol\/wp-content\/uploads\/2023\/03\/lipotrasferencia-glutea-600x450.webp 600w\" sizes=\"(max-width: 800px) 100vw, 800px\" \/><\/figure>\n<\/div>\n<\/div>\n\n\n\n<figure class=\"wp-block-image size-large\"><a href=\"https:\/\/buy.stripe.com\/fZe9C56UX5YAb9C8wA\"><img decoding=\"async\" width=\"1024\" height=\"576\" src=\"http:\/\/www.cirujanoscertificadosmexicali.com\/espanol\/wp-content\/uploads\/2023\/03\/pngtree-golden-gradient-book-now-sticker-design-free-vector-download-png-image_8701882-edited-1024x576.png\" alt=\"\" class=\"wp-image-213\" srcset=\"https:\/\/www.cirujanoscertificadosmexicali.com\/espanol\/wp-content\/uploads\/2023\/03\/pngtree-golden-gradient-book-now-sticker-design-free-vector-download-png-image_8701882-edited-1024x576.png 1024w, https:\/\/www.cirujanoscertificadosmexicali.com\/espanol\/wp-content\/uploads\/2023\/03\/pngtree-golden-gradient-book-now-sticker-design-free-vector-download-png-image_8701882-edited-300x169.png 300w, https:\/\/www.cirujanoscertificadosmexicali.com\/espanol\/wp-content\/uploads\/2023\/03\/pngtree-golden-gradient-book-now-sticker-design-free-vector-download-png-image_8701882-edited-768x432.png 768w, https:\/\/www.cirujanoscertificadosmexicali.com\/espanol\/wp-content\/uploads\/2023\/03\/pngtree-golden-gradient-book-now-sticker-design-free-vector-download-png-image_8701882-edited-600x338.png 600w, https:\/\/www.cirujanoscertificadosmexicali.com\/espanol\/wp-content\/uploads\/2023\/03\/pngtree-golden-gradient-book-now-sticker-design-free-vector-download-png-image_8701882-edited.png 1200w\" sizes=\"(max-width: 1024px) 100vw, 1024px\" \/><\/a><\/figure>\n","protected":false},"excerpt":{"rendered":"<p>Levantamiento de gl\u00fateos brasile\u00f1o (BBL) Uno de los procedimientos m\u00e1s populares en la cirug\u00eda est\u00e9tica, en el que se succiona y transfiere la grasa, creando una apariencia m\u00e1s completa y redonda en su trasero. Ventajas de someterse a una cirug\u00eda de levantamiento de gl\u00fateos brasile\u00f1o Tambi\u00e9n existen otros tipos de cirug\u00edas de gl\u00fateos, por ejemplo,&#8230;<\/p>\n","protected":false},"author":1,"featured_media":0,"parent":65,"menu_order":0,"comment_status":"closed","ping_status":"closed","template":"","meta":{"footnotes":""},"class_list":["post-67","page","type-page","status-publish","hentry"],"yoast_head":"<!-- This site is optimized with the Yoast SEO plugin v27.6 - https:\/\/yoast.com\/product\/yoast-seo-wordpress\/ -->\n<title>LEVANTAMIENTO DE GL\u00daTEOS BRASILE\u00d1O - Cirujanos Certificados Mexicali<\/title>\n<meta name=\"description\" content=\"Levantamiento de gluteos brasile\u00f1o, utilizando tu propia grasa corporal, con resultados naturales, cirujanos certificados en mexicali, mexico\" \/>\n<meta name=\"robots\" content=\"index, follow, max-snippet:-1, max-image-preview:large, max-video-preview:-1\" \/>\n<link rel=\"canonical\" href=\"https:\/\/www.cirujanoscertificadosmexicali.com\/espanol\/cirujias-y-control-de-peso\/levantamiento-de-gluteos-brasileno-cirujanos-certificados-mexicali\/\" \/>\n<meta property=\"og:locale\" content=\"es_ES\" \/>\n<meta property=\"og:type\" content=\"article\" \/>\n<meta property=\"og:title\" content=\"LEVANTAMIENTO DE GL\u00daTEOS BRASILE\u00d1O - Cirujanos Certificados Mexicali\" \/>\n<meta property=\"og:description\" content=\"Levantamiento de gluteos brasile\u00f1o, utilizando tu propia grasa corporal, con resultados naturales, cirujanos certificados en mexicali, mexico\" \/>\n<meta property=\"og:url\" content=\"https:\/\/www.cirujanoscertificadosmexicali.com\/espanol\/cirujias-y-control-de-peso\/levantamiento-de-gluteos-brasileno-cirujanos-certificados-mexicali\/\" \/>\n<meta property=\"og:site_name\" content=\"Cirujanos Certificados Mexicali\" \/>\n<meta property=\"article:publisher\" content=\"https:\/\/www.facebook.com\/profile.php?id=100083069097830\" \/>\n<meta property=\"article:modified_time\" content=\"2023-03-23T19:28:25+00:00\" \/>\n<meta property=\"og:image\" content=\"http:\/\/www.cirujanoscertificadosmexicali.com\/espanol\/wp-content\/uploads\/2023\/03\/lipotrasferencia-glutea.webp\" \/>\n<meta name=\"twitter:card\" content=\"summary_large_image\" \/>\n<meta name=\"twitter:label1\" content=\"Tiempo de lectura\" \/>\n\t<meta name=\"twitter:data1\" content=\"2 minutos\" \/>\n<script type=\"application\/ld+json\" class=\"yoast-schema-graph\">{\"@context\":\"https:\\\/\\\/schema.org\",\"@graph\":[{\"@type\":\"WebPage\",\"@id\":\"https:\\\/\\\/www.cirujanoscertificadosmexicali.com\\\/espanol\\\/cirujias-y-control-de-peso\\\/levantamiento-de-gluteos-brasileno-cirujanos-certificados-mexicali\\\/\",\"url\":\"https:\\\/\\\/www.cirujanoscertificadosmexicali.com\\\/espanol\\\/cirujias-y-control-de-peso\\\/levantamiento-de-gluteos-brasileno-cirujanos-certificados-mexicali\\\/\",\"name\":\"LEVANTAMIENTO DE GL\u00daTEOS BRASILE\u00d1O - Cirujanos Certificados Mexicali\",\"isPartOf\":{\"@id\":\"https:\\\/\\\/www.cirujanoscertificadosmexicali.com\\\/espanol\\\/#website\"},\"primaryImageOfPage\":{\"@id\":\"https:\\\/\\\/www.cirujanoscertificadosmexicali.com\\\/espanol\\\/cirujias-y-control-de-peso\\\/levantamiento-de-gluteos-brasileno-cirujanos-certificados-mexicali\\\/#primaryimage\"},\"image\":{\"@id\":\"https:\\\/\\\/www.cirujanoscertificadosmexicali.com\\\/espanol\\\/cirujias-y-control-de-peso\\\/levantamiento-de-gluteos-brasileno-cirujanos-certificados-mexicali\\\/#primaryimage\"},\"thumbnailUrl\":\"http:\\\/\\\/www.cirujanoscertificadosmexicali.com\\\/espanol\\\/wp-content\\\/uploads\\\/2023\\\/03\\\/lipotrasferencia-glutea.webp\",\"datePublished\":\"2023-03-15T20:31:48+00:00\",\"dateModified\":\"2023-03-23T19:28:25+00:00\",\"description\":\"Levantamiento de gluteos brasile\u00f1o, utilizando tu propia grasa corporal, con resultados naturales, cirujanos certificados en mexicali, mexico\",\"breadcrumb\":{\"@id\":\"https:\\\/\\\/www.cirujanoscertificadosmexicali.com\\\/espanol\\\/cirujias-y-control-de-peso\\\/levantamiento-de-gluteos-brasileno-cirujanos-certificados-mexicali\\\/#breadcrumb\"},\"inLanguage\":\"es\",\"potentialAction\":[{\"@type\":\"ReadAction\",\"target\":[\"https:\\\/\\\/www.cirujanoscertificadosmexicali.com\\\/espanol\\\/cirujias-y-control-de-peso\\\/levantamiento-de-gluteos-brasileno-cirujanos-certificados-mexicali\\\/\"]}]},{\"@type\":\"ImageObject\",\"inLanguage\":\"es\",\"@id\":\"https:\\\/\\\/www.cirujanoscertificadosmexicali.com\\\/espanol\\\/cirujias-y-control-de-peso\\\/levantamiento-de-gluteos-brasileno-cirujanos-certificados-mexicali\\\/#primaryimage\",\"url\":\"http:\\\/\\\/www.cirujanoscertificadosmexicali.com\\\/espanol\\\/wp-content\\\/uploads\\\/2023\\\/03\\\/lipotrasferencia-glutea.webp\",\"contentUrl\":\"http:\\\/\\\/www.cirujanoscertificadosmexicali.com\\\/espanol\\\/wp-content\\\/uploads\\\/2023\\\/03\\\/lipotrasferencia-glutea.webp\"},{\"@type\":\"BreadcrumbList\",\"@id\":\"https:\\\/\\\/www.cirujanoscertificadosmexicali.com\\\/espanol\\\/cirujias-y-control-de-peso\\\/levantamiento-de-gluteos-brasileno-cirujanos-certificados-mexicali\\\/#breadcrumb\",\"itemListElement\":[{\"@type\":\"ListItem\",\"position\":1,\"name\":\"Portada\",\"item\":\"https:\\\/\\\/www.cirujanoscertificadosmexicali.com\\\/espanol\\\/\"},{\"@type\":\"ListItem\",\"position\":2,\"name\":\"PROCEDIMIENTOS\",\"item\":\"https:\\\/\\\/www.cirujanoscertificadosmexicali.com\\\/espanol\\\/cirujias-y-control-de-peso\\\/\"},{\"@type\":\"ListItem\",\"position\":3,\"name\":\"LEVANTAMIENTO DE GL\u00daTEOS BRASILE\u00d1O\"}]},{\"@type\":\"WebSite\",\"@id\":\"https:\\\/\\\/www.cirujanoscertificadosmexicali.com\\\/espanol\\\/#website\",\"url\":\"https:\\\/\\\/www.cirujanoscertificadosmexicali.com\\\/espanol\\\/\",\"name\":\"Cirujanos Certificados Mexicali\",\"description\":\"\",\"publisher\":{\"@id\":\"https:\\\/\\\/www.cirujanoscertificadosmexicali.com\\\/espanol\\\/#organization\"},\"potentialAction\":[{\"@type\":\"SearchAction\",\"target\":{\"@type\":\"EntryPoint\",\"urlTemplate\":\"https:\\\/\\\/www.cirujanoscertificadosmexicali.com\\\/espanol\\\/?s={search_term_string}\"},\"query-input\":{\"@type\":\"PropertyValueSpecification\",\"valueRequired\":true,\"valueName\":\"search_term_string\"}}],\"inLanguage\":\"es\"},{\"@type\":\"Organization\",\"@id\":\"https:\\\/\\\/www.cirujanoscertificadosmexicali.com\\\/espanol\\\/#organization\",\"name\":\"Cirujanos Certificados Mexicali\",\"url\":\"https:\\\/\\\/www.cirujanoscertificadosmexicali.com\\\/espanol\\\/\",\"logo\":{\"@type\":\"ImageObject\",\"inLanguage\":\"es\",\"@id\":\"https:\\\/\\\/www.cirujanoscertificadosmexicali.com\\\/espanol\\\/#\\\/schema\\\/logo\\\/image\\\/\",\"url\":\"https:\\\/\\\/i0.wp.com\\\/www.cirujanoscertificadosmexicali.com\\\/wp-content\\\/uploads\\\/2023\\\/03\\\/313403251_817104909699317_8794777502193155684_n.jpg?fit=361%2C361&ssl=1\",\"contentUrl\":\"https:\\\/\\\/i0.wp.com\\\/www.cirujanoscertificadosmexicali.com\\\/wp-content\\\/uploads\\\/2023\\\/03\\\/313403251_817104909699317_8794777502193155684_n.jpg?fit=361%2C361&ssl=1\",\"width\":361,\"height\":361,\"caption\":\"Cirujanos Certificados Mexicali\"},\"image\":{\"@id\":\"https:\\\/\\\/www.cirujanoscertificadosmexicali.com\\\/espanol\\\/#\\\/schema\\\/logo\\\/image\\\/\"},\"sameAs\":[\"https:\\\/\\\/www.facebook.com\\\/profile.php?id=100083069097830\"]}]}<\/script>\n<!-- \/ Yoast SEO plugin. -->","yoast_head_json":{"title":"LEVANTAMIENTO DE GL\u00daTEOS BRASILE\u00d1O - Cirujanos Certificados Mexicali","description":"Levantamiento de gluteos brasile\u00f1o, utilizando tu propia grasa corporal, con resultados naturales, cirujanos certificados en mexicali, mexico","robots":{"index":"index","follow":"follow","max-snippet":"max-snippet:-1","max-image-preview":"max-image-preview:large","max-video-preview":"max-video-preview:-1"},"canonical":"https:\/\/www.cirujanoscertificadosmexicali.com\/espanol\/cirujias-y-control-de-peso\/levantamiento-de-gluteos-brasileno-cirujanos-certificados-mexicali\/","og_locale":"es_ES","og_type":"article","og_title":"LEVANTAMIENTO DE GL\u00daTEOS BRASILE\u00d1O - Cirujanos Certificados Mexicali","og_description":"Levantamiento de gluteos brasile\u00f1o, utilizando tu propia grasa corporal, con resultados naturales, cirujanos certificados en mexicali, mexico","og_url":"https:\/\/www.cirujanoscertificadosmexicali.com\/espanol\/cirujias-y-control-de-peso\/levantamiento-de-gluteos-brasileno-cirujanos-certificados-mexicali\/","og_site_name":"Cirujanos Certificados Mexicali","article_publisher":"https:\/\/www.facebook.com\/profile.php?id=100083069097830","article_modified_time":"2023-03-23T19:28:25+00:00","og_image":[{"url":"http:\/\/www.cirujanoscertificadosmexicali.com\/espanol\/wp-content\/uploads\/2023\/03\/lipotrasferencia-glutea.webp","type":"","width":"","height":""}],"twitter_card":"summary_large_image","twitter_misc":{"Tiempo de lectura":"2 minutos"},"schema":{"@context":"https:\/\/schema.org","@graph":[{"@type":"WebPage","@id":"https:\/\/www.cirujanoscertificadosmexicali.com\/espanol\/cirujias-y-control-de-peso\/levantamiento-de-gluteos-brasileno-cirujanos-certificados-mexicali\/","url":"https:\/\/www.cirujanoscertificadosmexicali.com\/espanol\/cirujias-y-control-de-peso\/levantamiento-de-gluteos-brasileno-cirujanos-certificados-mexicali\/","name":"LEVANTAMIENTO DE GL\u00daTEOS BRASILE\u00d1O - Cirujanos Certificados Mexicali","isPartOf":{"@id":"https:\/\/www.cirujanoscertificadosmexicali.com\/espanol\/#website"},"primaryImageOfPage":{"@id":"https:\/\/www.cirujanoscertificadosmexicali.com\/espanol\/cirujias-y-control-de-peso\/levantamiento-de-gluteos-brasileno-cirujanos-certificados-mexicali\/#primaryimage"},"image":{"@id":"https:\/\/www.cirujanoscertificadosmexicali.com\/espanol\/cirujias-y-control-de-peso\/levantamiento-de-gluteos-brasileno-cirujanos-certificados-mexicali\/#primaryimage"},"thumbnailUrl":"http:\/\/www.cirujanoscertificadosmexicali.com\/espanol\/wp-content\/uploads\/2023\/03\/lipotrasferencia-glutea.webp","datePublished":"2023-03-15T20:31:48+00:00","dateModified":"2023-03-23T19:28:25+00:00","description":"Levantamiento de gluteos brasile\u00f1o, utilizando tu propia grasa corporal, con resultados naturales, cirujanos certificados en mexicali, mexico","breadcrumb":{"@id":"https:\/\/www.cirujanoscertificadosmexicali.com\/espanol\/cirujias-y-control-de-peso\/levantamiento-de-gluteos-brasileno-cirujanos-certificados-mexicali\/#breadcrumb"},"inLanguage":"es","potentialAction":[{"@type":"ReadAction","target":["https:\/\/www.cirujanoscertificadosmexicali.com\/espanol\/cirujias-y-control-de-peso\/levantamiento-de-gluteos-brasileno-cirujanos-certificados-mexicali\/"]}]},{"@type":"ImageObject","inLanguage":"es","@id":"https:\/\/www.cirujanoscertificadosmexicali.com\/espanol\/cirujias-y-control-de-peso\/levantamiento-de-gluteos-brasileno-cirujanos-certificados-mexicali\/#primaryimage","url":"http:\/\/www.cirujanoscertificadosmexicali.com\/espanol\/wp-content\/uploads\/2023\/03\/lipotrasferencia-glutea.webp","contentUrl":"http:\/\/www.cirujanoscertificadosmexicali.com\/espanol\/wp-content\/uploads\/2023\/03\/lipotrasferencia-glutea.webp"},{"@type":"BreadcrumbList","@id":"https:\/\/www.cirujanoscertificadosmexicali.com\/espanol\/cirujias-y-control-de-peso\/levantamiento-de-gluteos-brasileno-cirujanos-certificados-mexicali\/#breadcrumb","itemListElement":[{"@type":"ListItem","position":1,"name":"Portada","item":"https:\/\/www.cirujanoscertificadosmexicali.com\/espanol\/"},{"@type":"ListItem","position":2,"name":"PROCEDIMIENTOS","item":"https:\/\/www.cirujanoscertificadosmexicali.com\/espanol\/cirujias-y-control-de-peso\/"},{"@type":"ListItem","position":3,"name":"LEVANTAMIENTO DE GL\u00daTEOS BRASILE\u00d1O"}]},{"@type":"WebSite","@id":"https:\/\/www.cirujanoscertificadosmexicali.com\/espanol\/#website","url":"https:\/\/www.cirujanoscertificadosmexicali.com\/espanol\/","name":"Cirujanos Certificados Mexicali","description":"","publisher":{"@id":"https:\/\/www.cirujanoscertificadosmexicali.com\/espanol\/#organization"},"potentialAction":[{"@type":"SearchAction","target":{"@type":"EntryPoint","urlTemplate":"https:\/\/www.cirujanoscertificadosmexicali.com\/espanol\/?s={search_term_string}"},"query-input":{"@type":"PropertyValueSpecification","valueRequired":true,"valueName":"search_term_string"}}],"inLanguage":"es"},{"@type":"Organization","@id":"https:\/\/www.cirujanoscertificadosmexicali.com\/espanol\/#organization","name":"Cirujanos Certificados Mexicali","url":"https:\/\/www.cirujanoscertificadosmexicali.com\/espanol\/","logo":{"@type":"ImageObject","inLanguage":"es","@id":"https:\/\/www.cirujanoscertificadosmexicali.com\/espanol\/#\/schema\/logo\/image\/","url":"https:\/\/i0.wp.com\/www.cirujanoscertificadosmexicali.com\/wp-content\/uploads\/2023\/03\/313403251_817104909699317_8794777502193155684_n.jpg?fit=361%2C361&ssl=1","contentUrl":"https:\/\/i0.wp.com\/www.cirujanoscertificadosmexicali.com\/wp-content\/uploads\/2023\/03\/313403251_817104909699317_8794777502193155684_n.jpg?fit=361%2C361&ssl=1","width":361,"height":361,"caption":"Cirujanos Certificados Mexicali"},"image":{"@id":"https:\/\/www.cirujanoscertificadosmexicali.com\/espanol\/#\/schema\/logo\/image\/"},"sameAs":["https:\/\/www.facebook.com\/profile.php?id=100083069097830"]}]}},"_links":{"self":[{"href":"https:\/\/www.cirujanoscertificadosmexicali.com\/espanol\/wp-json\/wp\/v2\/pages\/67","targetHints":{"allow":["GET"]}}],"collection":[{"href":"https:\/\/www.cirujanoscertificadosmexicali.com\/espanol\/wp-json\/wp\/v2\/pages"}],"about":[{"href":"https:\/\/www.cirujanoscertificadosmexicali.com\/espanol\/wp-json\/wp\/v2\/types\/page"}],"author":[{"embeddable":true,"href":"https:\/\/www.cirujanoscertificadosmexicali.com\/espanol\/wp-json\/wp\/v2\/users\/1"}],"replies":[{"embeddable":true,"href":"https:\/\/www.cirujanoscertificadosmexicali.com\/espanol\/wp-json\/wp\/v2\/comments?post=67"}],"version-history":[{"count":6,"href":"https:\/\/www.cirujanoscertificadosmexicali.com\/espanol\/wp-json\/wp\/v2\/pages\/67\/revisions"}],"predecessor-version":[{"id":301,"href":"https:\/\/www.cirujanoscertificadosmexicali.com\/espanol\/wp-json\/wp\/v2\/pages\/67\/revisions\/301"}],"up":[{"embeddable":true,"href":"https:\/\/www.cirujanoscertificadosmexicali.com\/espanol\/wp-json\/wp\/v2\/pages\/65"}],"wp:attachment":[{"href":"https:\/\/www.cirujanoscertificadosmexicali.com\/espanol\/wp-json\/wp\/v2\/media?parent=67"}],"curies":[{"name":"wp","href":"https:\/\/api.w.org\/{rel}","templated":true}]}}