{"id":79,"date":"2023-03-15T13:40:41","date_gmt":"2023-03-15T20:40:41","guid":{"rendered":"http:\/\/www.cirujanoscertificadosmexicali.com\/espanol\/?page_id=79"},"modified":"2023-03-23T12:28:39","modified_gmt":"2023-03-23T19:28:39","slug":"liposuccion-liposcultura-mexicali-cirujanos-plasticos-certificados-mexical","status":"publish","type":"page","link":"https:\/\/www.cirujanoscertificadosmexicali.com\/espanol\/cirujias-y-control-de-peso\/liposuccion-liposcultura-mexicali-cirujanos-plasticos-certificados-mexical\/","title":{"rendered":"LIPOSUCCI\u00d3N &#8211; LIPOSCULTURA"},"content":{"rendered":"\n<div class=\"wp-block-columns is-layout-flex wp-container-core-columns-is-layout-9d6595d7 wp-block-columns-is-layout-flex\">\n<div class=\"wp-block-column is-layout-flow wp-block-column-is-layout-flow\">\n<pre class=\"wp-block-verse\"><strong>Lipoescultura HD de alta definici\u00f3n<\/strong>\n\nLa liposucci\u00f3n ya no es solo una t\u00e9cnica quir\u00fargica sino que se ha convertido en un arte. El arte de esculpir el cuerpo humano, crear curvas y contornos, y dejar grupos musculares bien definidos, es el objetivo actual de este procedimiento.\n\nCon el uso de esta tecnolog\u00eda es posible realizar una lipoescultura en 4 dimensiones que crea resultados naturales y espectaculares en pacientes que son candidatos ideales para esta t\u00e9cnica. La lipoescultura asistida por ultrasonido reduce el dolor y el edema posoperatorios al mismo tiempo que crea hermosos resultados notables.\n\n<a href=\"https:\/\/book.stripe.com\/dR64hLgvx1Ik3Ha9AD\"><strong><em>Reserva una Cita<\/em><\/strong><\/a>\n<strong><em><a href=\"https:\/\/book.stripe.com\/dR64hLgvx1Ik3Ha9AD\">Book Your Date Now<\/a><\/em><\/strong>\n<\/pre>\n\n\n\n<figure class=\"wp-block-image size-large\"><a href=\"https:\/\/book.stripe.com\/dR64hLgvx1Ik3Ha9AD\"><img fetchpriority=\"high\" decoding=\"async\" width=\"1024\" height=\"576\" src=\"http:\/\/www.cirujanoscertificadosmexicali.com\/espanol\/wp-content\/uploads\/2023\/03\/pngtree-golden-gradient-book-now-sticker-design-free-vector-download-png-image_8701882-edited-1024x576.png\" alt=\"\" class=\"wp-image-213\" srcset=\"https:\/\/www.cirujanoscertificadosmexicali.com\/espanol\/wp-content\/uploads\/2023\/03\/pngtree-golden-gradient-book-now-sticker-design-free-vector-download-png-image_8701882-edited-1024x576.png 1024w, https:\/\/www.cirujanoscertificadosmexicali.com\/espanol\/wp-content\/uploads\/2023\/03\/pngtree-golden-gradient-book-now-sticker-design-free-vector-download-png-image_8701882-edited-300x169.png 300w, https:\/\/www.cirujanoscertificadosmexicali.com\/espanol\/wp-content\/uploads\/2023\/03\/pngtree-golden-gradient-book-now-sticker-design-free-vector-download-png-image_8701882-edited-768x432.png 768w, https:\/\/www.cirujanoscertificadosmexicali.com\/espanol\/wp-content\/uploads\/2023\/03\/pngtree-golden-gradient-book-now-sticker-design-free-vector-download-png-image_8701882-edited-600x338.png 600w, https:\/\/www.cirujanoscertificadosmexicali.com\/espanol\/wp-content\/uploads\/2023\/03\/pngtree-golden-gradient-book-now-sticker-design-free-vector-download-png-image_8701882-edited.png 1200w\" sizes=\"(max-width: 1024px) 100vw, 1024px\" \/><\/a><figcaption class=\"wp-element-caption\">No Refundable<\/figcaption><\/figure>\n<\/div>\n\n\n\n<div class=\"wp-block-column is-layout-flow wp-block-column-is-layout-flow\">\n<figure class=\"wp-block-image size-full\"><img decoding=\"async\" width=\"649\" height=\"550\" src=\"http:\/\/www.cirujanoscertificadosmexicali.com\/espanol\/wp-content\/uploads\/2023\/03\/nps_before-after-lipo-360-2.8-min-1.png\" alt=\"\" class=\"wp-image-150\" srcset=\"https:\/\/www.cirujanoscertificadosmexicali.com\/espanol\/wp-content\/uploads\/2023\/03\/nps_before-after-lipo-360-2.8-min-1.png 649w, https:\/\/www.cirujanoscertificadosmexicali.com\/espanol\/wp-content\/uploads\/2023\/03\/nps_before-after-lipo-360-2.8-min-1-300x254.png 300w, https:\/\/www.cirujanoscertificadosmexicali.com\/espanol\/wp-content\/uploads\/2023\/03\/nps_before-after-lipo-360-2.8-min-1-600x508.png 600w\" sizes=\"(max-width: 649px) 100vw, 649px\" \/><\/figure>\n<\/div>\n<\/div>\n","protected":false},"excerpt":{"rendered":"<p>Lipoescultura HD de alta definici\u00f3n La liposucci\u00f3n ya no es solo una t\u00e9cnica quir\u00fargica sino que se ha convertido en un arte. El arte de esculpir el cuerpo humano, crear curvas y contornos, y dejar grupos musculares bien definidos, es el objetivo actual de este procedimiento. Con el uso de esta tecnolog\u00eda es posible realizar&#8230;<\/p>\n","protected":false},"author":1,"featured_media":0,"parent":65,"menu_order":0,"comment_status":"closed","ping_status":"closed","template":"","meta":{"footnotes":""},"class_list":["post-79","page","type-page","status-publish","hentry"],"yoast_head":"<!-- This site is optimized with the Yoast SEO plugin v27.6 - https:\/\/yoast.com\/product\/yoast-seo-wordpress\/ -->\n<title>LIPOSUCCI\u00d3N - LIPOSCULTURA - Cirujanos Certificados Mexicali<\/title>\n<meta name=\"description\" content=\"liposuccion - liposcultura, obt\u00e9n los mejores resultados, rejuvenece, contacta a nuestros cirujanos certificados en Mexicali\" \/>\n<meta name=\"robots\" content=\"index, follow, max-snippet:-1, max-image-preview:large, max-video-preview:-1\" \/>\n<link rel=\"canonical\" href=\"https:\/\/www.cirujanoscertificadosmexicali.com\/espanol\/cirujias-y-control-de-peso\/liposuccion-liposcultura-mexicali-cirujanos-plasticos-certificados-mexical\/\" \/>\n<meta property=\"og:locale\" content=\"es_ES\" \/>\n<meta property=\"og:type\" content=\"article\" \/>\n<meta property=\"og:title\" content=\"LIPOSUCCI\u00d3N - LIPOSCULTURA - Cirujanos Certificados Mexicali\" \/>\n<meta property=\"og:description\" content=\"liposuccion - liposcultura, obt\u00e9n los mejores resultados, rejuvenece, contacta a nuestros cirujanos certificados en Mexicali\" \/>\n<meta property=\"og:url\" content=\"https:\/\/www.cirujanoscertificadosmexicali.com\/espanol\/cirujias-y-control-de-peso\/liposuccion-liposcultura-mexicali-cirujanos-plasticos-certificados-mexical\/\" \/>\n<meta property=\"og:site_name\" content=\"Cirujanos Certificados Mexicali\" \/>\n<meta property=\"article:publisher\" content=\"https:\/\/www.facebook.com\/profile.php?id=100083069097830\" \/>\n<meta property=\"article:modified_time\" content=\"2023-03-23T19:28:39+00:00\" \/>\n<meta property=\"og:image\" content=\"http:\/\/www.cirujanoscertificadosmexicali.com\/espanol\/wp-content\/uploads\/2023\/03\/pngtree-golden-gradient-book-now-sticker-design-free-vector-download-png-image_8701882-edited-1024x576.png\" \/>\n<meta name=\"twitter:card\" content=\"summary_large_image\" \/>\n<meta name=\"twitter:label1\" content=\"Tiempo de lectura\" \/>\n\t<meta name=\"twitter:data1\" content=\"1 minuto\" \/>\n<script type=\"application\/ld+json\" class=\"yoast-schema-graph\">{\"@context\":\"https:\\\/\\\/schema.org\",\"@graph\":[{\"@type\":\"WebPage\",\"@id\":\"https:\\\/\\\/www.cirujanoscertificadosmexicali.com\\\/espanol\\\/cirujias-y-control-de-peso\\\/liposuccion-liposcultura-mexicali-cirujanos-plasticos-certificados-mexical\\\/\",\"url\":\"https:\\\/\\\/www.cirujanoscertificadosmexicali.com\\\/espanol\\\/cirujias-y-control-de-peso\\\/liposuccion-liposcultura-mexicali-cirujanos-plasticos-certificados-mexical\\\/\",\"name\":\"LIPOSUCCI\u00d3N - LIPOSCULTURA - Cirujanos Certificados Mexicali\",\"isPartOf\":{\"@id\":\"https:\\\/\\\/www.cirujanoscertificadosmexicali.com\\\/espanol\\\/#website\"},\"primaryImageOfPage\":{\"@id\":\"https:\\\/\\\/www.cirujanoscertificadosmexicali.com\\\/espanol\\\/cirujias-y-control-de-peso\\\/liposuccion-liposcultura-mexicali-cirujanos-plasticos-certificados-mexical\\\/#primaryimage\"},\"image\":{\"@id\":\"https:\\\/\\\/www.cirujanoscertificadosmexicali.com\\\/espanol\\\/cirujias-y-control-de-peso\\\/liposuccion-liposcultura-mexicali-cirujanos-plasticos-certificados-mexical\\\/#primaryimage\"},\"thumbnailUrl\":\"http:\\\/\\\/www.cirujanoscertificadosmexicali.com\\\/espanol\\\/wp-content\\\/uploads\\\/2023\\\/03\\\/pngtree-golden-gradient-book-now-sticker-design-free-vector-download-png-image_8701882-edited-1024x576.png\",\"datePublished\":\"2023-03-15T20:40:41+00:00\",\"dateModified\":\"2023-03-23T19:28:39+00:00\",\"description\":\"liposuccion - liposcultura, obt\u00e9n los mejores resultados, rejuvenece, contacta a nuestros cirujanos certificados en Mexicali\",\"breadcrumb\":{\"@id\":\"https:\\\/\\\/www.cirujanoscertificadosmexicali.com\\\/espanol\\\/cirujias-y-control-de-peso\\\/liposuccion-liposcultura-mexicali-cirujanos-plasticos-certificados-mexical\\\/#breadcrumb\"},\"inLanguage\":\"es\",\"potentialAction\":[{\"@type\":\"ReadAction\",\"target\":[\"https:\\\/\\\/www.cirujanoscertificadosmexicali.com\\\/espanol\\\/cirujias-y-control-de-peso\\\/liposuccion-liposcultura-mexicali-cirujanos-plasticos-certificados-mexical\\\/\"]}]},{\"@type\":\"ImageObject\",\"inLanguage\":\"es\",\"@id\":\"https:\\\/\\\/www.cirujanoscertificadosmexicali.com\\\/espanol\\\/cirujias-y-control-de-peso\\\/liposuccion-liposcultura-mexicali-cirujanos-plasticos-certificados-mexical\\\/#primaryimage\",\"url\":\"http:\\\/\\\/www.cirujanoscertificadosmexicali.com\\\/espanol\\\/wp-content\\\/uploads\\\/2023\\\/03\\\/pngtree-golden-gradient-book-now-sticker-design-free-vector-download-png-image_8701882-edited-1024x576.png\",\"contentUrl\":\"http:\\\/\\\/www.cirujanoscertificadosmexicali.com\\\/espanol\\\/wp-content\\\/uploads\\\/2023\\\/03\\\/pngtree-golden-gradient-book-now-sticker-design-free-vector-download-png-image_8701882-edited-1024x576.png\"},{\"@type\":\"BreadcrumbList\",\"@id\":\"https:\\\/\\\/www.cirujanoscertificadosmexicali.com\\\/espanol\\\/cirujias-y-control-de-peso\\\/liposuccion-liposcultura-mexicali-cirujanos-plasticos-certificados-mexical\\\/#breadcrumb\",\"itemListElement\":[{\"@type\":\"ListItem\",\"position\":1,\"name\":\"Portada\",\"item\":\"https:\\\/\\\/www.cirujanoscertificadosmexicali.com\\\/espanol\\\/\"},{\"@type\":\"ListItem\",\"position\":2,\"name\":\"PROCEDIMIENTOS\",\"item\":\"https:\\\/\\\/www.cirujanoscertificadosmexicali.com\\\/espanol\\\/cirujias-y-control-de-peso\\\/\"},{\"@type\":\"ListItem\",\"position\":3,\"name\":\"LIPOSUCCI\u00d3N &#8211; LIPOSCULTURA\"}]},{\"@type\":\"WebSite\",\"@id\":\"https:\\\/\\\/www.cirujanoscertificadosmexicali.com\\\/espanol\\\/#website\",\"url\":\"https:\\\/\\\/www.cirujanoscertificadosmexicali.com\\\/espanol\\\/\",\"name\":\"Cirujanos Certificados Mexicali\",\"description\":\"\",\"publisher\":{\"@id\":\"https:\\\/\\\/www.cirujanoscertificadosmexicali.com\\\/espanol\\\/#organization\"},\"potentialAction\":[{\"@type\":\"SearchAction\",\"target\":{\"@type\":\"EntryPoint\",\"urlTemplate\":\"https:\\\/\\\/www.cirujanoscertificadosmexicali.com\\\/espanol\\\/?s={search_term_string}\"},\"query-input\":{\"@type\":\"PropertyValueSpecification\",\"valueRequired\":true,\"valueName\":\"search_term_string\"}}],\"inLanguage\":\"es\"},{\"@type\":\"Organization\",\"@id\":\"https:\\\/\\\/www.cirujanoscertificadosmexicali.com\\\/espanol\\\/#organization\",\"name\":\"Cirujanos Certificados Mexicali\",\"url\":\"https:\\\/\\\/www.cirujanoscertificadosmexicali.com\\\/espanol\\\/\",\"logo\":{\"@type\":\"ImageObject\",\"inLanguage\":\"es\",\"@id\":\"https:\\\/\\\/www.cirujanoscertificadosmexicali.com\\\/espanol\\\/#\\\/schema\\\/logo\\\/image\\\/\",\"url\":\"https:\\\/\\\/i0.wp.com\\\/www.cirujanoscertificadosmexicali.com\\\/wp-content\\\/uploads\\\/2023\\\/03\\\/313403251_817104909699317_8794777502193155684_n.jpg?fit=361%2C361&ssl=1\",\"contentUrl\":\"https:\\\/\\\/i0.wp.com\\\/www.cirujanoscertificadosmexicali.com\\\/wp-content\\\/uploads\\\/2023\\\/03\\\/313403251_817104909699317_8794777502193155684_n.jpg?fit=361%2C361&ssl=1\",\"width\":361,\"height\":361,\"caption\":\"Cirujanos Certificados Mexicali\"},\"image\":{\"@id\":\"https:\\\/\\\/www.cirujanoscertificadosmexicali.com\\\/espanol\\\/#\\\/schema\\\/logo\\\/image\\\/\"},\"sameAs\":[\"https:\\\/\\\/www.facebook.com\\\/profile.php?id=100083069097830\"]}]}<\/script>\n<!-- \/ Yoast SEO plugin. -->","yoast_head_json":{"title":"LIPOSUCCI\u00d3N - LIPOSCULTURA - Cirujanos Certificados Mexicali","description":"liposuccion - liposcultura, obt\u00e9n los mejores resultados, rejuvenece, contacta a nuestros cirujanos certificados en Mexicali","robots":{"index":"index","follow":"follow","max-snippet":"max-snippet:-1","max-image-preview":"max-image-preview:large","max-video-preview":"max-video-preview:-1"},"canonical":"https:\/\/www.cirujanoscertificadosmexicali.com\/espanol\/cirujias-y-control-de-peso\/liposuccion-liposcultura-mexicali-cirujanos-plasticos-certificados-mexical\/","og_locale":"es_ES","og_type":"article","og_title":"LIPOSUCCI\u00d3N - LIPOSCULTURA - Cirujanos Certificados Mexicali","og_description":"liposuccion - liposcultura, obt\u00e9n los mejores resultados, rejuvenece, contacta a nuestros cirujanos certificados en Mexicali","og_url":"https:\/\/www.cirujanoscertificadosmexicali.com\/espanol\/cirujias-y-control-de-peso\/liposuccion-liposcultura-mexicali-cirujanos-plasticos-certificados-mexical\/","og_site_name":"Cirujanos Certificados Mexicali","article_publisher":"https:\/\/www.facebook.com\/profile.php?id=100083069097830","article_modified_time":"2023-03-23T19:28:39+00:00","og_image":[{"url":"http:\/\/www.cirujanoscertificadosmexicali.com\/espanol\/wp-content\/uploads\/2023\/03\/pngtree-golden-gradient-book-now-sticker-design-free-vector-download-png-image_8701882-edited-1024x576.png","type":"","width":"","height":""}],"twitter_card":"summary_large_image","twitter_misc":{"Tiempo de lectura":"1 minuto"},"schema":{"@context":"https:\/\/schema.org","@graph":[{"@type":"WebPage","@id":"https:\/\/www.cirujanoscertificadosmexicali.com\/espanol\/cirujias-y-control-de-peso\/liposuccion-liposcultura-mexicali-cirujanos-plasticos-certificados-mexical\/","url":"https:\/\/www.cirujanoscertificadosmexicali.com\/espanol\/cirujias-y-control-de-peso\/liposuccion-liposcultura-mexicali-cirujanos-plasticos-certificados-mexical\/","name":"LIPOSUCCI\u00d3N - LIPOSCULTURA - Cirujanos Certificados Mexicali","isPartOf":{"@id":"https:\/\/www.cirujanoscertificadosmexicali.com\/espanol\/#website"},"primaryImageOfPage":{"@id":"https:\/\/www.cirujanoscertificadosmexicali.com\/espanol\/cirujias-y-control-de-peso\/liposuccion-liposcultura-mexicali-cirujanos-plasticos-certificados-mexical\/#primaryimage"},"image":{"@id":"https:\/\/www.cirujanoscertificadosmexicali.com\/espanol\/cirujias-y-control-de-peso\/liposuccion-liposcultura-mexicali-cirujanos-plasticos-certificados-mexical\/#primaryimage"},"thumbnailUrl":"http:\/\/www.cirujanoscertificadosmexicali.com\/espanol\/wp-content\/uploads\/2023\/03\/pngtree-golden-gradient-book-now-sticker-design-free-vector-download-png-image_8701882-edited-1024x576.png","datePublished":"2023-03-15T20:40:41+00:00","dateModified":"2023-03-23T19:28:39+00:00","description":"liposuccion - liposcultura, obt\u00e9n los mejores resultados, rejuvenece, contacta a nuestros cirujanos certificados en Mexicali","breadcrumb":{"@id":"https:\/\/www.cirujanoscertificadosmexicali.com\/espanol\/cirujias-y-control-de-peso\/liposuccion-liposcultura-mexicali-cirujanos-plasticos-certificados-mexical\/#breadcrumb"},"inLanguage":"es","potentialAction":[{"@type":"ReadAction","target":["https:\/\/www.cirujanoscertificadosmexicali.com\/espanol\/cirujias-y-control-de-peso\/liposuccion-liposcultura-mexicali-cirujanos-plasticos-certificados-mexical\/"]}]},{"@type":"ImageObject","inLanguage":"es","@id":"https:\/\/www.cirujanoscertificadosmexicali.com\/espanol\/cirujias-y-control-de-peso\/liposuccion-liposcultura-mexicali-cirujanos-plasticos-certificados-mexical\/#primaryimage","url":"http:\/\/www.cirujanoscertificadosmexicali.com\/espanol\/wp-content\/uploads\/2023\/03\/pngtree-golden-gradient-book-now-sticker-design-free-vector-download-png-image_8701882-edited-1024x576.png","contentUrl":"http:\/\/www.cirujanoscertificadosmexicali.com\/espanol\/wp-content\/uploads\/2023\/03\/pngtree-golden-gradient-book-now-sticker-design-free-vector-download-png-image_8701882-edited-1024x576.png"},{"@type":"BreadcrumbList","@id":"https:\/\/www.cirujanoscertificadosmexicali.com\/espanol\/cirujias-y-control-de-peso\/liposuccion-liposcultura-mexicali-cirujanos-plasticos-certificados-mexical\/#breadcrumb","itemListElement":[{"@type":"ListItem","position":1,"name":"Portada","item":"https:\/\/www.cirujanoscertificadosmexicali.com\/espanol\/"},{"@type":"ListItem","position":2,"name":"PROCEDIMIENTOS","item":"https:\/\/www.cirujanoscertificadosmexicali.com\/espanol\/cirujias-y-control-de-peso\/"},{"@type":"ListItem","position":3,"name":"LIPOSUCCI\u00d3N &#8211; LIPOSCULTURA"}]},{"@type":"WebSite","@id":"https:\/\/www.cirujanoscertificadosmexicali.com\/espanol\/#website","url":"https:\/\/www.cirujanoscertificadosmexicali.com\/espanol\/","name":"Cirujanos Certificados Mexicali","description":"","publisher":{"@id":"https:\/\/www.cirujanoscertificadosmexicali.com\/espanol\/#organization"},"potentialAction":[{"@type":"SearchAction","target":{"@type":"EntryPoint","urlTemplate":"https:\/\/www.cirujanoscertificadosmexicali.com\/espanol\/?s={search_term_string}"},"query-input":{"@type":"PropertyValueSpecification","valueRequired":true,"valueName":"search_term_string"}}],"inLanguage":"es"},{"@type":"Organization","@id":"https:\/\/www.cirujanoscertificadosmexicali.com\/espanol\/#organization","name":"Cirujanos Certificados Mexicali","url":"https:\/\/www.cirujanoscertificadosmexicali.com\/espanol\/","logo":{"@type":"ImageObject","inLanguage":"es","@id":"https:\/\/www.cirujanoscertificadosmexicali.com\/espanol\/#\/schema\/logo\/image\/","url":"https:\/\/i0.wp.com\/www.cirujanoscertificadosmexicali.com\/wp-content\/uploads\/2023\/03\/313403251_817104909699317_8794777502193155684_n.jpg?fit=361%2C361&ssl=1","contentUrl":"https:\/\/i0.wp.com\/www.cirujanoscertificadosmexicali.com\/wp-content\/uploads\/2023\/03\/313403251_817104909699317_8794777502193155684_n.jpg?fit=361%2C361&ssl=1","width":361,"height":361,"caption":"Cirujanos Certificados Mexicali"},"image":{"@id":"https:\/\/www.cirujanoscertificadosmexicali.com\/espanol\/#\/schema\/logo\/image\/"},"sameAs":["https:\/\/www.facebook.com\/profile.php?id=100083069097830"]}]}},"_links":{"self":[{"href":"https:\/\/www.cirujanoscertificadosmexicali.com\/espanol\/wp-json\/wp\/v2\/pages\/79","targetHints":{"allow":["GET"]}}],"collection":[{"href":"https:\/\/www.cirujanoscertificadosmexicali.com\/espanol\/wp-json\/wp\/v2\/pages"}],"about":[{"href":"https:\/\/www.cirujanoscertificadosmexicali.com\/espanol\/wp-json\/wp\/v2\/types\/page"}],"author":[{"embeddable":true,"href":"https:\/\/www.cirujanoscertificadosmexicali.com\/espanol\/wp-json\/wp\/v2\/users\/1"}],"replies":[{"embeddable":true,"href":"https:\/\/www.cirujanoscertificadosmexicali.com\/espanol\/wp-json\/wp\/v2\/comments?post=79"}],"version-history":[{"count":6,"href":"https:\/\/www.cirujanoscertificadosmexicali.com\/espanol\/wp-json\/wp\/v2\/pages\/79\/revisions"}],"predecessor-version":[{"id":317,"href":"https:\/\/www.cirujanoscertificadosmexicali.com\/espanol\/wp-json\/wp\/v2\/pages\/79\/revisions\/317"}],"up":[{"embeddable":true,"href":"https:\/\/www.cirujanoscertificadosmexicali.com\/espanol\/wp-json\/wp\/v2\/pages\/65"}],"wp:attachment":[{"href":"https:\/\/www.cirujanoscertificadosmexicali.com\/espanol\/wp-json\/wp\/v2\/media?parent=79"}],"curies":[{"name":"wp","href":"https:\/\/api.w.org\/{rel}","templated":true}]}}