{"id":85,"date":"2023-03-15T13:43:57","date_gmt":"2023-03-15T20:43:57","guid":{"rendered":"http:\/\/www.cirujanoscertificadosmexicali.com\/espanol\/?page_id=85"},"modified":"2023-03-23T11:48:16","modified_gmt":"2023-03-23T18:48:16","slug":"levantamiento-facial-mejores-resultados-cirujanos-certificados-en-mexicali","status":"publish","type":"page","link":"https:\/\/www.cirujanoscertificadosmexicali.com\/espanol\/cirujias-y-control-de-peso\/levantamiento-facial-mejores-resultados-cirujanos-certificados-en-mexicali\/","title":{"rendered":"LEVANTAMIENTO FACIAL"},"content":{"rendered":"\n<div class=\"wp-block-columns is-layout-flex wp-container-core-columns-is-layout-9d6595d7 wp-block-columns-is-layout-flex\">\n<div class=\"wp-block-column is-layout-flow wp-block-column-is-layout-flow\">\n<figure class=\"wp-block-image size-full\"><img fetchpriority=\"high\" decoding=\"async\" width=\"768\" height=\"768\" src=\"http:\/\/www.cirujanoscertificadosmexicali.com\/espanol\/wp-content\/uploads\/2023\/03\/2.jpg\" alt=\"\" class=\"wp-image-166\" srcset=\"https:\/\/www.cirujanoscertificadosmexicali.com\/espanol\/wp-content\/uploads\/2023\/03\/2.jpg 768w, https:\/\/www.cirujanoscertificadosmexicali.com\/espanol\/wp-content\/uploads\/2023\/03\/2-300x300.jpg 300w, https:\/\/www.cirujanoscertificadosmexicali.com\/espanol\/wp-content\/uploads\/2023\/03\/2-150x150.jpg 150w, https:\/\/www.cirujanoscertificadosmexicali.com\/espanol\/wp-content\/uploads\/2023\/03\/2-230x230.jpg 230w, https:\/\/www.cirujanoscertificadosmexicali.com\/espanol\/wp-content\/uploads\/2023\/03\/2-70x70.jpg 70w, https:\/\/www.cirujanoscertificadosmexicali.com\/espanol\/wp-content\/uploads\/2023\/03\/2-315x315.jpg 315w, https:\/\/www.cirujanoscertificadosmexicali.com\/espanol\/wp-content\/uploads\/2023\/03\/2-600x600.jpg 600w, https:\/\/www.cirujanoscertificadosmexicali.com\/espanol\/wp-content\/uploads\/2023\/03\/2-100x100.jpg 100w\" sizes=\"(max-width: 768px) 100vw, 768px\" \/><\/figure>\n<\/div>\n\n\n\n<div class=\"wp-block-column is-layout-flow wp-block-column-is-layout-flow\">\n<pre class=\"wp-block-verse\"><strong><em>FACELIFT<\/em><\/strong> <strong>\/ LEVANTAMIENTO FACIAL<\/strong>\n Al realizar un estiramiento facial, uno de nuestros cirujanos primero hace una incisi\u00f3n oculta detr\u00e1s de la l\u00ednea del cabello y separa la piel de los m\u00fasculos y tejidos subyacentes. Despu\u00e9s de tensar los m\u00fasculos faciales para mejorar el contorno de la cara, estira y reposiciona la piel para que se ajuste mejor a la cara y suavizar las arrugas. Finalmente, se recorta el exceso de piel de la cara en el sitio de la incisi\u00f3n y se cierra la incisi\u00f3n.\n\n\n\n Los resultados de la cirug\u00eda no ser\u00e1n evidentes de inmediato, pero aparecer\u00e1n gradualmente a medida que la hinchaz\u00f3n y los moretones desaparezcan. Este proceso a veces toma varias semanas. Brindamos atenci\u00f3n posquir\u00fargica completa, incluidos controles regulares, para garantizar que la curaci\u00f3n se desarrolle sin problemas. Aunque los pacientes a\u00fan envejecen normalmente despu\u00e9s de la cirug\u00eda de estiramiento facial, un buen procedimiento puede hacer retroceder el reloj varios a\u00f1os en la apariencia de una persona, alisando y tensando la piel del rostro y ayud\u00e1ndola a verse y sentirse m\u00e1s joven y atractiva.\n\n<strong><em><a href=\"https:\/\/book.stripe.com\/4gw29D6UXcmY3Ha5ks\">Book Your Date Now<\/a><\/em><\/strong>\n<a href=\"https:\/\/book.stripe.com\/4gw29D6UXcmY3Ha5ks\"><strong><em>Reserva una cita<\/em><\/strong><\/a><\/pre>\n\n\n\n<figure class=\"wp-block-image size-large\"><a href=\"https:\/\/book.stripe.com\/4gw29D6UXcmY3Ha5ks\"><img decoding=\"async\" width=\"1024\" height=\"576\" src=\"http:\/\/www.cirujanoscertificadosmexicali.com\/espanol\/wp-content\/uploads\/2023\/03\/pngtree-golden-gradient-book-now-sticker-design-free-vector-download-png-image_8701882-edited-1024x576.png\" alt=\"\" class=\"wp-image-213\" srcset=\"https:\/\/www.cirujanoscertificadosmexicali.com\/espanol\/wp-content\/uploads\/2023\/03\/pngtree-golden-gradient-book-now-sticker-design-free-vector-download-png-image_8701882-edited-1024x576.png 1024w, https:\/\/www.cirujanoscertificadosmexicali.com\/espanol\/wp-content\/uploads\/2023\/03\/pngtree-golden-gradient-book-now-sticker-design-free-vector-download-png-image_8701882-edited-300x169.png 300w, https:\/\/www.cirujanoscertificadosmexicali.com\/espanol\/wp-content\/uploads\/2023\/03\/pngtree-golden-gradient-book-now-sticker-design-free-vector-download-png-image_8701882-edited-768x432.png 768w, https:\/\/www.cirujanoscertificadosmexicali.com\/espanol\/wp-content\/uploads\/2023\/03\/pngtree-golden-gradient-book-now-sticker-design-free-vector-download-png-image_8701882-edited-600x338.png 600w, https:\/\/www.cirujanoscertificadosmexicali.com\/espanol\/wp-content\/uploads\/2023\/03\/pngtree-golden-gradient-book-now-sticker-design-free-vector-download-png-image_8701882-edited.png 1200w\" sizes=\"(max-width: 1024px) 100vw, 1024px\" \/><\/a><\/figure>\n<\/div>\n<\/div>\n","protected":false},"excerpt":{"rendered":"<p>FACELIFT \/ LEVANTAMIENTO FACIAL Al realizar un estiramiento facial, uno de nuestros cirujanos primero hace una incisi\u00f3n oculta detr\u00e1s de la l\u00ednea del cabello y separa la piel de los m\u00fasculos y tejidos subyacentes. Despu\u00e9s de tensar los m\u00fasculos faciales para mejorar el contorno de la cara, estira y reposiciona la piel para que se&#8230;<\/p>\n","protected":false},"author":1,"featured_media":0,"parent":65,"menu_order":0,"comment_status":"closed","ping_status":"closed","template":"","meta":{"footnotes":""},"class_list":["post-85","page","type-page","status-publish","hentry"],"yoast_head":"<!-- This site is optimized with the Yoast SEO plugin v27.6 - https:\/\/yoast.com\/product\/yoast-seo-wordpress\/ -->\n<title>LEVANTAMIENTO FACIAL - Cirujanos Certificados Mexicali<\/title>\n<meta name=\"description\" content=\"Levantamiento facial, obt\u00e9n los mejores resultados, rejuvenece, contacta a nuestros cirujanos certificados en Mexicali\" \/>\n<meta name=\"robots\" content=\"index, follow, max-snippet:-1, max-image-preview:large, max-video-preview:-1\" \/>\n<link rel=\"canonical\" href=\"https:\/\/www.cirujanoscertificadosmexicali.com\/espanol\/cirujias-y-control-de-peso\/levantamiento-facial-mejores-resultados-cirujanos-certificados-en-mexicali\/\" \/>\n<meta property=\"og:locale\" content=\"es_ES\" \/>\n<meta property=\"og:type\" content=\"article\" \/>\n<meta property=\"og:title\" content=\"LEVANTAMIENTO FACIAL - Cirujanos Certificados Mexicali\" \/>\n<meta property=\"og:description\" content=\"Levantamiento facial, obt\u00e9n los mejores resultados, rejuvenece, contacta a nuestros cirujanos certificados en Mexicali\" \/>\n<meta property=\"og:url\" content=\"https:\/\/www.cirujanoscertificadosmexicali.com\/espanol\/cirujias-y-control-de-peso\/levantamiento-facial-mejores-resultados-cirujanos-certificados-en-mexicali\/\" \/>\n<meta property=\"og:site_name\" content=\"Cirujanos Certificados Mexicali\" \/>\n<meta property=\"article:publisher\" content=\"https:\/\/www.facebook.com\/profile.php?id=100083069097830\" \/>\n<meta property=\"article:modified_time\" content=\"2023-03-23T18:48:16+00:00\" \/>\n<meta property=\"og:image\" content=\"http:\/\/www.cirujanoscertificadosmexicali.com\/espanol\/wp-content\/uploads\/2023\/03\/2.jpg\" \/>\n<meta name=\"twitter:card\" content=\"summary_large_image\" \/>\n<meta name=\"twitter:label1\" content=\"Tiempo de lectura\" \/>\n\t<meta name=\"twitter:data1\" content=\"2 minutos\" \/>\n<script type=\"application\/ld+json\" class=\"yoast-schema-graph\">{\"@context\":\"https:\\\/\\\/schema.org\",\"@graph\":[{\"@type\":\"WebPage\",\"@id\":\"https:\\\/\\\/www.cirujanoscertificadosmexicali.com\\\/espanol\\\/cirujias-y-control-de-peso\\\/levantamiento-facial-mejores-resultados-cirujanos-certificados-en-mexicali\\\/\",\"url\":\"https:\\\/\\\/www.cirujanoscertificadosmexicali.com\\\/espanol\\\/cirujias-y-control-de-peso\\\/levantamiento-facial-mejores-resultados-cirujanos-certificados-en-mexicali\\\/\",\"name\":\"LEVANTAMIENTO FACIAL - Cirujanos Certificados Mexicali\",\"isPartOf\":{\"@id\":\"https:\\\/\\\/www.cirujanoscertificadosmexicali.com\\\/espanol\\\/#website\"},\"primaryImageOfPage\":{\"@id\":\"https:\\\/\\\/www.cirujanoscertificadosmexicali.com\\\/espanol\\\/cirujias-y-control-de-peso\\\/levantamiento-facial-mejores-resultados-cirujanos-certificados-en-mexicali\\\/#primaryimage\"},\"image\":{\"@id\":\"https:\\\/\\\/www.cirujanoscertificadosmexicali.com\\\/espanol\\\/cirujias-y-control-de-peso\\\/levantamiento-facial-mejores-resultados-cirujanos-certificados-en-mexicali\\\/#primaryimage\"},\"thumbnailUrl\":\"http:\\\/\\\/www.cirujanoscertificadosmexicali.com\\\/espanol\\\/wp-content\\\/uploads\\\/2023\\\/03\\\/2.jpg\",\"datePublished\":\"2023-03-15T20:43:57+00:00\",\"dateModified\":\"2023-03-23T18:48:16+00:00\",\"description\":\"Levantamiento facial, obt\u00e9n los mejores resultados, rejuvenece, contacta a nuestros cirujanos certificados en Mexicali\",\"breadcrumb\":{\"@id\":\"https:\\\/\\\/www.cirujanoscertificadosmexicali.com\\\/espanol\\\/cirujias-y-control-de-peso\\\/levantamiento-facial-mejores-resultados-cirujanos-certificados-en-mexicali\\\/#breadcrumb\"},\"inLanguage\":\"es\",\"potentialAction\":[{\"@type\":\"ReadAction\",\"target\":[\"https:\\\/\\\/www.cirujanoscertificadosmexicali.com\\\/espanol\\\/cirujias-y-control-de-peso\\\/levantamiento-facial-mejores-resultados-cirujanos-certificados-en-mexicali\\\/\"]}]},{\"@type\":\"ImageObject\",\"inLanguage\":\"es\",\"@id\":\"https:\\\/\\\/www.cirujanoscertificadosmexicali.com\\\/espanol\\\/cirujias-y-control-de-peso\\\/levantamiento-facial-mejores-resultados-cirujanos-certificados-en-mexicali\\\/#primaryimage\",\"url\":\"http:\\\/\\\/www.cirujanoscertificadosmexicali.com\\\/espanol\\\/wp-content\\\/uploads\\\/2023\\\/03\\\/2.jpg\",\"contentUrl\":\"http:\\\/\\\/www.cirujanoscertificadosmexicali.com\\\/espanol\\\/wp-content\\\/uploads\\\/2023\\\/03\\\/2.jpg\"},{\"@type\":\"BreadcrumbList\",\"@id\":\"https:\\\/\\\/www.cirujanoscertificadosmexicali.com\\\/espanol\\\/cirujias-y-control-de-peso\\\/levantamiento-facial-mejores-resultados-cirujanos-certificados-en-mexicali\\\/#breadcrumb\",\"itemListElement\":[{\"@type\":\"ListItem\",\"position\":1,\"name\":\"Portada\",\"item\":\"https:\\\/\\\/www.cirujanoscertificadosmexicali.com\\\/espanol\\\/\"},{\"@type\":\"ListItem\",\"position\":2,\"name\":\"PROCEDIMIENTOS\",\"item\":\"https:\\\/\\\/www.cirujanoscertificadosmexicali.com\\\/espanol\\\/cirujias-y-control-de-peso\\\/\"},{\"@type\":\"ListItem\",\"position\":3,\"name\":\"LEVANTAMIENTO FACIAL\"}]},{\"@type\":\"WebSite\",\"@id\":\"https:\\\/\\\/www.cirujanoscertificadosmexicali.com\\\/espanol\\\/#website\",\"url\":\"https:\\\/\\\/www.cirujanoscertificadosmexicali.com\\\/espanol\\\/\",\"name\":\"Cirujanos Certificados Mexicali\",\"description\":\"\",\"publisher\":{\"@id\":\"https:\\\/\\\/www.cirujanoscertificadosmexicali.com\\\/espanol\\\/#organization\"},\"potentialAction\":[{\"@type\":\"SearchAction\",\"target\":{\"@type\":\"EntryPoint\",\"urlTemplate\":\"https:\\\/\\\/www.cirujanoscertificadosmexicali.com\\\/espanol\\\/?s={search_term_string}\"},\"query-input\":{\"@type\":\"PropertyValueSpecification\",\"valueRequired\":true,\"valueName\":\"search_term_string\"}}],\"inLanguage\":\"es\"},{\"@type\":\"Organization\",\"@id\":\"https:\\\/\\\/www.cirujanoscertificadosmexicali.com\\\/espanol\\\/#organization\",\"name\":\"Cirujanos Certificados Mexicali\",\"url\":\"https:\\\/\\\/www.cirujanoscertificadosmexicali.com\\\/espanol\\\/\",\"logo\":{\"@type\":\"ImageObject\",\"inLanguage\":\"es\",\"@id\":\"https:\\\/\\\/www.cirujanoscertificadosmexicali.com\\\/espanol\\\/#\\\/schema\\\/logo\\\/image\\\/\",\"url\":\"https:\\\/\\\/i0.wp.com\\\/www.cirujanoscertificadosmexicali.com\\\/wp-content\\\/uploads\\\/2023\\\/03\\\/313403251_817104909699317_8794777502193155684_n.jpg?fit=361%2C361&ssl=1\",\"contentUrl\":\"https:\\\/\\\/i0.wp.com\\\/www.cirujanoscertificadosmexicali.com\\\/wp-content\\\/uploads\\\/2023\\\/03\\\/313403251_817104909699317_8794777502193155684_n.jpg?fit=361%2C361&ssl=1\",\"width\":361,\"height\":361,\"caption\":\"Cirujanos Certificados Mexicali\"},\"image\":{\"@id\":\"https:\\\/\\\/www.cirujanoscertificadosmexicali.com\\\/espanol\\\/#\\\/schema\\\/logo\\\/image\\\/\"},\"sameAs\":[\"https:\\\/\\\/www.facebook.com\\\/profile.php?id=100083069097830\"]}]}<\/script>\n<!-- \/ Yoast SEO plugin. -->","yoast_head_json":{"title":"LEVANTAMIENTO FACIAL - Cirujanos Certificados Mexicali","description":"Levantamiento facial, obt\u00e9n los mejores resultados, rejuvenece, contacta a nuestros cirujanos certificados en Mexicali","robots":{"index":"index","follow":"follow","max-snippet":"max-snippet:-1","max-image-preview":"max-image-preview:large","max-video-preview":"max-video-preview:-1"},"canonical":"https:\/\/www.cirujanoscertificadosmexicali.com\/espanol\/cirujias-y-control-de-peso\/levantamiento-facial-mejores-resultados-cirujanos-certificados-en-mexicali\/","og_locale":"es_ES","og_type":"article","og_title":"LEVANTAMIENTO FACIAL - Cirujanos Certificados Mexicali","og_description":"Levantamiento facial, obt\u00e9n los mejores resultados, rejuvenece, contacta a nuestros cirujanos certificados en Mexicali","og_url":"https:\/\/www.cirujanoscertificadosmexicali.com\/espanol\/cirujias-y-control-de-peso\/levantamiento-facial-mejores-resultados-cirujanos-certificados-en-mexicali\/","og_site_name":"Cirujanos Certificados Mexicali","article_publisher":"https:\/\/www.facebook.com\/profile.php?id=100083069097830","article_modified_time":"2023-03-23T18:48:16+00:00","og_image":[{"url":"http:\/\/www.cirujanoscertificadosmexicali.com\/espanol\/wp-content\/uploads\/2023\/03\/2.jpg","type":"","width":"","height":""}],"twitter_card":"summary_large_image","twitter_misc":{"Tiempo de lectura":"2 minutos"},"schema":{"@context":"https:\/\/schema.org","@graph":[{"@type":"WebPage","@id":"https:\/\/www.cirujanoscertificadosmexicali.com\/espanol\/cirujias-y-control-de-peso\/levantamiento-facial-mejores-resultados-cirujanos-certificados-en-mexicali\/","url":"https:\/\/www.cirujanoscertificadosmexicali.com\/espanol\/cirujias-y-control-de-peso\/levantamiento-facial-mejores-resultados-cirujanos-certificados-en-mexicali\/","name":"LEVANTAMIENTO FACIAL - Cirujanos Certificados Mexicali","isPartOf":{"@id":"https:\/\/www.cirujanoscertificadosmexicali.com\/espanol\/#website"},"primaryImageOfPage":{"@id":"https:\/\/www.cirujanoscertificadosmexicali.com\/espanol\/cirujias-y-control-de-peso\/levantamiento-facial-mejores-resultados-cirujanos-certificados-en-mexicali\/#primaryimage"},"image":{"@id":"https:\/\/www.cirujanoscertificadosmexicali.com\/espanol\/cirujias-y-control-de-peso\/levantamiento-facial-mejores-resultados-cirujanos-certificados-en-mexicali\/#primaryimage"},"thumbnailUrl":"http:\/\/www.cirujanoscertificadosmexicali.com\/espanol\/wp-content\/uploads\/2023\/03\/2.jpg","datePublished":"2023-03-15T20:43:57+00:00","dateModified":"2023-03-23T18:48:16+00:00","description":"Levantamiento facial, obt\u00e9n los mejores resultados, rejuvenece, contacta a nuestros cirujanos certificados en Mexicali","breadcrumb":{"@id":"https:\/\/www.cirujanoscertificadosmexicali.com\/espanol\/cirujias-y-control-de-peso\/levantamiento-facial-mejores-resultados-cirujanos-certificados-en-mexicali\/#breadcrumb"},"inLanguage":"es","potentialAction":[{"@type":"ReadAction","target":["https:\/\/www.cirujanoscertificadosmexicali.com\/espanol\/cirujias-y-control-de-peso\/levantamiento-facial-mejores-resultados-cirujanos-certificados-en-mexicali\/"]}]},{"@type":"ImageObject","inLanguage":"es","@id":"https:\/\/www.cirujanoscertificadosmexicali.com\/espanol\/cirujias-y-control-de-peso\/levantamiento-facial-mejores-resultados-cirujanos-certificados-en-mexicali\/#primaryimage","url":"http:\/\/www.cirujanoscertificadosmexicali.com\/espanol\/wp-content\/uploads\/2023\/03\/2.jpg","contentUrl":"http:\/\/www.cirujanoscertificadosmexicali.com\/espanol\/wp-content\/uploads\/2023\/03\/2.jpg"},{"@type":"BreadcrumbList","@id":"https:\/\/www.cirujanoscertificadosmexicali.com\/espanol\/cirujias-y-control-de-peso\/levantamiento-facial-mejores-resultados-cirujanos-certificados-en-mexicali\/#breadcrumb","itemListElement":[{"@type":"ListItem","position":1,"name":"Portada","item":"https:\/\/www.cirujanoscertificadosmexicali.com\/espanol\/"},{"@type":"ListItem","position":2,"name":"PROCEDIMIENTOS","item":"https:\/\/www.cirujanoscertificadosmexicali.com\/espanol\/cirujias-y-control-de-peso\/"},{"@type":"ListItem","position":3,"name":"LEVANTAMIENTO FACIAL"}]},{"@type":"WebSite","@id":"https:\/\/www.cirujanoscertificadosmexicali.com\/espanol\/#website","url":"https:\/\/www.cirujanoscertificadosmexicali.com\/espanol\/","name":"Cirujanos Certificados Mexicali","description":"","publisher":{"@id":"https:\/\/www.cirujanoscertificadosmexicali.com\/espanol\/#organization"},"potentialAction":[{"@type":"SearchAction","target":{"@type":"EntryPoint","urlTemplate":"https:\/\/www.cirujanoscertificadosmexicali.com\/espanol\/?s={search_term_string}"},"query-input":{"@type":"PropertyValueSpecification","valueRequired":true,"valueName":"search_term_string"}}],"inLanguage":"es"},{"@type":"Organization","@id":"https:\/\/www.cirujanoscertificadosmexicali.com\/espanol\/#organization","name":"Cirujanos Certificados Mexicali","url":"https:\/\/www.cirujanoscertificadosmexicali.com\/espanol\/","logo":{"@type":"ImageObject","inLanguage":"es","@id":"https:\/\/www.cirujanoscertificadosmexicali.com\/espanol\/#\/schema\/logo\/image\/","url":"https:\/\/i0.wp.com\/www.cirujanoscertificadosmexicali.com\/wp-content\/uploads\/2023\/03\/313403251_817104909699317_8794777502193155684_n.jpg?fit=361%2C361&ssl=1","contentUrl":"https:\/\/i0.wp.com\/www.cirujanoscertificadosmexicali.com\/wp-content\/uploads\/2023\/03\/313403251_817104909699317_8794777502193155684_n.jpg?fit=361%2C361&ssl=1","width":361,"height":361,"caption":"Cirujanos Certificados Mexicali"},"image":{"@id":"https:\/\/www.cirujanoscertificadosmexicali.com\/espanol\/#\/schema\/logo\/image\/"},"sameAs":["https:\/\/www.facebook.com\/profile.php?id=100083069097830"]}]}},"_links":{"self":[{"href":"https:\/\/www.cirujanoscertificadosmexicali.com\/espanol\/wp-json\/wp\/v2\/pages\/85","targetHints":{"allow":["GET"]}}],"collection":[{"href":"https:\/\/www.cirujanoscertificadosmexicali.com\/espanol\/wp-json\/wp\/v2\/pages"}],"about":[{"href":"https:\/\/www.cirujanoscertificadosmexicali.com\/espanol\/wp-json\/wp\/v2\/types\/page"}],"author":[{"embeddable":true,"href":"https:\/\/www.cirujanoscertificadosmexicali.com\/espanol\/wp-json\/wp\/v2\/users\/1"}],"replies":[{"embeddable":true,"href":"https:\/\/www.cirujanoscertificadosmexicali.com\/espanol\/wp-json\/wp\/v2\/comments?post=85"}],"version-history":[{"count":9,"href":"https:\/\/www.cirujanoscertificadosmexicali.com\/espanol\/wp-json\/wp\/v2\/pages\/85\/revisions"}],"predecessor-version":[{"id":314,"href":"https:\/\/www.cirujanoscertificadosmexicali.com\/espanol\/wp-json\/wp\/v2\/pages\/85\/revisions\/314"}],"up":[{"embeddable":true,"href":"https:\/\/www.cirujanoscertificadosmexicali.com\/espanol\/wp-json\/wp\/v2\/pages\/65"}],"wp:attachment":[{"href":"https:\/\/www.cirujanoscertificadosmexicali.com\/espanol\/wp-json\/wp\/v2\/media?parent=85"}],"curies":[{"name":"wp","href":"https:\/\/api.w.org\/{rel}","templated":true}]}}