{"id":87,"date":"2023-03-15T13:44:50","date_gmt":"2023-03-15T20:44:50","guid":{"rendered":"http:\/\/www.cirujanoscertificadosmexicali.com\/espanol\/?page_id=87"},"modified":"2023-03-23T12:48:15","modified_gmt":"2023-03-23T19:48:15","slug":"rinoplastia-nariz-remodela-cirujano-certificado-en-mexicali-dagoberto-martinez","status":"publish","type":"page","link":"https:\/\/www.cirujanoscertificadosmexicali.com\/espanol\/cirujias-y-control-de-peso\/rinoplastia-nariz-remodela-cirujano-certificado-en-mexicali-dagoberto-martinez\/","title":{"rendered":"RINOPLASTIA"},"content":{"rendered":"\n<div class=\"wp-block-columns is-layout-flex wp-container-core-columns-is-layout-9d6595d7 wp-block-columns-is-layout-flex\">\n<div class=\"wp-block-column is-layout-flow wp-block-column-is-layout-flow\">\n<pre class=\"wp-block-verse\"><strong>RINOPLASTIA<\/strong>\nLa rinoplastia es un procedimiento que remodela la nariz. Los pacientes pueden buscar la rinoplastia porque desean una apariencia facial m\u00e1s sim\u00e9trica y armoniosa o un cambio en la forma y el tama\u00f1o general de su nariz. Algunas de las solicitudes de rinoplastia m\u00e1s comunes incluyen cambiar el tama\u00f1o y la posici\u00f3n de las fosas nasales, cambiar la forma de la punta o el puente de la nariz y mejorar la simetr\u00eda general.\n\n\n\nLa cirug\u00eda nasal tambi\u00e9n corrige problemas respiratorios comunes o defectos de nacimiento que afectan la nariz, la cara y las fosas nasales. La correcci\u00f3n de un tabique desviado es la raz\u00f3n m\u00e9dica m\u00e1s com\u00fan para una rinoplastia. Esto implica cambiar la estructura de las fosas nasales para permitir un flujo de aire y una respiraci\u00f3n m\u00e1s f\u00e1ciles. Tambi\u00e9n implica una evaluaci\u00f3n cuidadosa de los problemas actuales para asegurarse de que los cambios resulten en una mejora significativa del flujo de aire.\n\n\n<a href=\"https:\/\/buy.stripe.com\/8wM3dHenp4Uwa5yaEG\"><strong><em>Book You Date Now<\/em><\/strong><\/a>\n<a href=\"https:\/\/buy.stripe.com\/8wM3dHenp4Uwa5yaEG\"><strong><em>Reserva tu cita ahora<\/em><\/strong><\/a><\/pre>\n\n\n\n<figure class=\"wp-block-image size-large\"><a href=\"https:\/\/buy.stripe.com\/8wM3dHenp4Uwa5yaEG\"><img fetchpriority=\"high\" decoding=\"async\" width=\"1024\" height=\"576\" src=\"http:\/\/www.cirujanoscertificadosmexicali.com\/espanol\/wp-content\/uploads\/2023\/03\/pngtree-golden-gradient-book-now-sticker-design-free-vector-download-png-image_8701882-edited-1024x576.png\" alt=\"\" class=\"wp-image-213\" srcset=\"https:\/\/www.cirujanoscertificadosmexicali.com\/espanol\/wp-content\/uploads\/2023\/03\/pngtree-golden-gradient-book-now-sticker-design-free-vector-download-png-image_8701882-edited-1024x576.png 1024w, https:\/\/www.cirujanoscertificadosmexicali.com\/espanol\/wp-content\/uploads\/2023\/03\/pngtree-golden-gradient-book-now-sticker-design-free-vector-download-png-image_8701882-edited-300x169.png 300w, https:\/\/www.cirujanoscertificadosmexicali.com\/espanol\/wp-content\/uploads\/2023\/03\/pngtree-golden-gradient-book-now-sticker-design-free-vector-download-png-image_8701882-edited-768x432.png 768w, https:\/\/www.cirujanoscertificadosmexicali.com\/espanol\/wp-content\/uploads\/2023\/03\/pngtree-golden-gradient-book-now-sticker-design-free-vector-download-png-image_8701882-edited-600x338.png 600w, https:\/\/www.cirujanoscertificadosmexicali.com\/espanol\/wp-content\/uploads\/2023\/03\/pngtree-golden-gradient-book-now-sticker-design-free-vector-download-png-image_8701882-edited.png 1200w\" sizes=\"(max-width: 1024px) 100vw, 1024px\" \/><\/a><figcaption class=\"wp-element-caption\">No Refundable<\/figcaption><\/figure>\n<\/div>\n\n\n\n<div class=\"wp-block-column is-layout-flow wp-block-column-is-layout-flow\">\n<figure class=\"wp-block-image size-full\"><img decoding=\"async\" width=\"629\" height=\"451\" src=\"http:\/\/www.cirujanoscertificadosmexicali.com\/espanol\/wp-content\/uploads\/2023\/03\/Rhinoplasty-Raleigh-1.jpg\" alt=\"\" class=\"wp-image-163\" srcset=\"https:\/\/www.cirujanoscertificadosmexicali.com\/espanol\/wp-content\/uploads\/2023\/03\/Rhinoplasty-Raleigh-1.jpg 629w, https:\/\/www.cirujanoscertificadosmexicali.com\/espanol\/wp-content\/uploads\/2023\/03\/Rhinoplasty-Raleigh-1-300x215.jpg 300w, https:\/\/www.cirujanoscertificadosmexicali.com\/espanol\/wp-content\/uploads\/2023\/03\/Rhinoplasty-Raleigh-1-600x430.jpg 600w\" sizes=\"(max-width: 629px) 100vw, 629px\" \/><\/figure>\n<\/div>\n<\/div>\n\n\n\n<figure class=\"wp-block-image size-large\"><center><img decoding=\"async\" width=\"1200\" height=\"675\" src=\"http:\/\/www.cirujanoscertificadosmexicali.com\/espanol\/wp-content\/uploads\/2023\/03\/pngtree-golden-gradient-book-now-sticker-design-free-vector-download-png-image_8701882-edited.png\" alt=\"\" class=\"wp-image-213\" srcset=\"https:\/\/www.cirujanoscertificadosmexicali.com\/espanol\/wp-content\/uploads\/2023\/03\/pngtree-golden-gradient-book-now-sticker-design-free-vector-download-png-image_8701882-edited.png 1200w, https:\/\/www.cirujanoscertificadosmexicali.com\/espanol\/wp-content\/uploads\/2023\/03\/pngtree-golden-gradient-book-now-sticker-design-free-vector-download-png-image_8701882-edited-300x169.png 300w, https:\/\/www.cirujanoscertificadosmexicali.com\/espanol\/wp-content\/uploads\/2023\/03\/pngtree-golden-gradient-book-now-sticker-design-free-vector-download-png-image_8701882-edited-1024x576.png 1024w, https:\/\/www.cirujanoscertificadosmexicali.com\/espanol\/wp-content\/uploads\/2023\/03\/pngtree-golden-gradient-book-now-sticker-design-free-vector-download-png-image_8701882-edited-768x432.png 768w, https:\/\/www.cirujanoscertificadosmexicali.com\/espanol\/wp-content\/uploads\/2023\/03\/pngtree-golden-gradient-book-now-sticker-design-free-vector-download-png-image_8701882-edited-600x338.png 600w\" sizes=\"(max-width: 1200px) 100vw, 1200px\" \/><\/figure><\/center>\n","protected":false},"excerpt":{"rendered":"<p>RINOPLASTIA La rinoplastia es un procedimiento que remodela la nariz. Los pacientes pueden buscar la rinoplastia porque desean una apariencia facial m\u00e1s sim\u00e9trica y armoniosa o un cambio en la forma y el tama\u00f1o general de su nariz. Algunas de las solicitudes de rinoplastia m\u00e1s comunes incluyen cambiar el tama\u00f1o y la posici\u00f3n de las&#8230;<\/p>\n","protected":false},"author":1,"featured_media":0,"parent":65,"menu_order":0,"comment_status":"closed","ping_status":"closed","template":"","meta":{"footnotes":""},"class_list":["post-87","page","type-page","status-publish","hentry"],"yoast_head":"<!-- This site is optimized with the Yoast SEO plugin v27.6 - https:\/\/yoast.com\/product\/yoast-seo-wordpress\/ -->\n<title>RINOPLASTIA - Cirujanos Certificados Mexicali<\/title>\n<meta name=\"description\" content=\"remodela la nariz, corrige problemas respiratorios comunes o defectos de nacimiento, cirujanos certificados en mexicali. Dr. dagoberto Martinez\" \/>\n<meta name=\"robots\" content=\"index, follow, max-snippet:-1, max-image-preview:large, max-video-preview:-1\" \/>\n<link rel=\"canonical\" href=\"https:\/\/www.cirujanoscertificadosmexicali.com\/espanol\/cirujias-y-control-de-peso\/rinoplastia-nariz-remodela-cirujano-certificado-en-mexicali-dagoberto-martinez\/\" \/>\n<meta property=\"og:locale\" content=\"es_ES\" \/>\n<meta property=\"og:type\" content=\"article\" \/>\n<meta property=\"og:title\" content=\"RINOPLASTIA - Cirujanos Certificados Mexicali\" \/>\n<meta property=\"og:description\" content=\"remodela la nariz, corrige problemas respiratorios comunes o defectos de nacimiento, cirujanos certificados en mexicali. Dr. dagoberto Martinez\" \/>\n<meta property=\"og:url\" content=\"https:\/\/www.cirujanoscertificadosmexicali.com\/espanol\/cirujias-y-control-de-peso\/rinoplastia-nariz-remodela-cirujano-certificado-en-mexicali-dagoberto-martinez\/\" \/>\n<meta property=\"og:site_name\" content=\"Cirujanos Certificados Mexicali\" \/>\n<meta property=\"article:publisher\" content=\"https:\/\/www.facebook.com\/profile.php?id=100083069097830\" \/>\n<meta property=\"article:modified_time\" content=\"2023-03-23T19:48:15+00:00\" \/>\n<meta property=\"og:image\" content=\"http:\/\/www.cirujanoscertificadosmexicali.com\/espanol\/wp-content\/uploads\/2023\/03\/pngtree-golden-gradient-book-now-sticker-design-free-vector-download-png-image_8701882-edited-1024x576.png\" \/>\n<meta name=\"twitter:card\" content=\"summary_large_image\" \/>\n<meta name=\"twitter:label1\" content=\"Tiempo de lectura\" \/>\n\t<meta name=\"twitter:data1\" content=\"2 minutos\" \/>\n<script type=\"application\/ld+json\" class=\"yoast-schema-graph\">{\"@context\":\"https:\\\/\\\/schema.org\",\"@graph\":[{\"@type\":\"WebPage\",\"@id\":\"https:\\\/\\\/www.cirujanoscertificadosmexicali.com\\\/espanol\\\/cirujias-y-control-de-peso\\\/rinoplastia-nariz-remodela-cirujano-certificado-en-mexicali-dagoberto-martinez\\\/\",\"url\":\"https:\\\/\\\/www.cirujanoscertificadosmexicali.com\\\/espanol\\\/cirujias-y-control-de-peso\\\/rinoplastia-nariz-remodela-cirujano-certificado-en-mexicali-dagoberto-martinez\\\/\",\"name\":\"RINOPLASTIA - Cirujanos Certificados Mexicali\",\"isPartOf\":{\"@id\":\"https:\\\/\\\/www.cirujanoscertificadosmexicali.com\\\/espanol\\\/#website\"},\"primaryImageOfPage\":{\"@id\":\"https:\\\/\\\/www.cirujanoscertificadosmexicali.com\\\/espanol\\\/cirujias-y-control-de-peso\\\/rinoplastia-nariz-remodela-cirujano-certificado-en-mexicali-dagoberto-martinez\\\/#primaryimage\"},\"image\":{\"@id\":\"https:\\\/\\\/www.cirujanoscertificadosmexicali.com\\\/espanol\\\/cirujias-y-control-de-peso\\\/rinoplastia-nariz-remodela-cirujano-certificado-en-mexicali-dagoberto-martinez\\\/#primaryimage\"},\"thumbnailUrl\":\"http:\\\/\\\/www.cirujanoscertificadosmexicali.com\\\/espanol\\\/wp-content\\\/uploads\\\/2023\\\/03\\\/pngtree-golden-gradient-book-now-sticker-design-free-vector-download-png-image_8701882-edited-1024x576.png\",\"datePublished\":\"2023-03-15T20:44:50+00:00\",\"dateModified\":\"2023-03-23T19:48:15+00:00\",\"description\":\"remodela la nariz, corrige problemas respiratorios comunes o defectos de nacimiento, cirujanos certificados en mexicali. Dr. dagoberto Martinez\",\"breadcrumb\":{\"@id\":\"https:\\\/\\\/www.cirujanoscertificadosmexicali.com\\\/espanol\\\/cirujias-y-control-de-peso\\\/rinoplastia-nariz-remodela-cirujano-certificado-en-mexicali-dagoberto-martinez\\\/#breadcrumb\"},\"inLanguage\":\"es\",\"potentialAction\":[{\"@type\":\"ReadAction\",\"target\":[\"https:\\\/\\\/www.cirujanoscertificadosmexicali.com\\\/espanol\\\/cirujias-y-control-de-peso\\\/rinoplastia-nariz-remodela-cirujano-certificado-en-mexicali-dagoberto-martinez\\\/\"]}]},{\"@type\":\"ImageObject\",\"inLanguage\":\"es\",\"@id\":\"https:\\\/\\\/www.cirujanoscertificadosmexicali.com\\\/espanol\\\/cirujias-y-control-de-peso\\\/rinoplastia-nariz-remodela-cirujano-certificado-en-mexicali-dagoberto-martinez\\\/#primaryimage\",\"url\":\"http:\\\/\\\/www.cirujanoscertificadosmexicali.com\\\/espanol\\\/wp-content\\\/uploads\\\/2023\\\/03\\\/pngtree-golden-gradient-book-now-sticker-design-free-vector-download-png-image_8701882-edited-1024x576.png\",\"contentUrl\":\"http:\\\/\\\/www.cirujanoscertificadosmexicali.com\\\/espanol\\\/wp-content\\\/uploads\\\/2023\\\/03\\\/pngtree-golden-gradient-book-now-sticker-design-free-vector-download-png-image_8701882-edited-1024x576.png\"},{\"@type\":\"BreadcrumbList\",\"@id\":\"https:\\\/\\\/www.cirujanoscertificadosmexicali.com\\\/espanol\\\/cirujias-y-control-de-peso\\\/rinoplastia-nariz-remodela-cirujano-certificado-en-mexicali-dagoberto-martinez\\\/#breadcrumb\",\"itemListElement\":[{\"@type\":\"ListItem\",\"position\":1,\"name\":\"Portada\",\"item\":\"https:\\\/\\\/www.cirujanoscertificadosmexicali.com\\\/espanol\\\/\"},{\"@type\":\"ListItem\",\"position\":2,\"name\":\"PROCEDIMIENTOS\",\"item\":\"https:\\\/\\\/www.cirujanoscertificadosmexicali.com\\\/espanol\\\/cirujias-y-control-de-peso\\\/\"},{\"@type\":\"ListItem\",\"position\":3,\"name\":\"RINOPLASTIA\"}]},{\"@type\":\"WebSite\",\"@id\":\"https:\\\/\\\/www.cirujanoscertificadosmexicali.com\\\/espanol\\\/#website\",\"url\":\"https:\\\/\\\/www.cirujanoscertificadosmexicali.com\\\/espanol\\\/\",\"name\":\"Cirujanos Certificados Mexicali\",\"description\":\"\",\"publisher\":{\"@id\":\"https:\\\/\\\/www.cirujanoscertificadosmexicali.com\\\/espanol\\\/#organization\"},\"potentialAction\":[{\"@type\":\"SearchAction\",\"target\":{\"@type\":\"EntryPoint\",\"urlTemplate\":\"https:\\\/\\\/www.cirujanoscertificadosmexicali.com\\\/espanol\\\/?s={search_term_string}\"},\"query-input\":{\"@type\":\"PropertyValueSpecification\",\"valueRequired\":true,\"valueName\":\"search_term_string\"}}],\"inLanguage\":\"es\"},{\"@type\":\"Organization\",\"@id\":\"https:\\\/\\\/www.cirujanoscertificadosmexicali.com\\\/espanol\\\/#organization\",\"name\":\"Cirujanos Certificados Mexicali\",\"url\":\"https:\\\/\\\/www.cirujanoscertificadosmexicali.com\\\/espanol\\\/\",\"logo\":{\"@type\":\"ImageObject\",\"inLanguage\":\"es\",\"@id\":\"https:\\\/\\\/www.cirujanoscertificadosmexicali.com\\\/espanol\\\/#\\\/schema\\\/logo\\\/image\\\/\",\"url\":\"https:\\\/\\\/i0.wp.com\\\/www.cirujanoscertificadosmexicali.com\\\/wp-content\\\/uploads\\\/2023\\\/03\\\/313403251_817104909699317_8794777502193155684_n.jpg?fit=361%2C361&ssl=1\",\"contentUrl\":\"https:\\\/\\\/i0.wp.com\\\/www.cirujanoscertificadosmexicali.com\\\/wp-content\\\/uploads\\\/2023\\\/03\\\/313403251_817104909699317_8794777502193155684_n.jpg?fit=361%2C361&ssl=1\",\"width\":361,\"height\":361,\"caption\":\"Cirujanos Certificados Mexicali\"},\"image\":{\"@id\":\"https:\\\/\\\/www.cirujanoscertificadosmexicali.com\\\/espanol\\\/#\\\/schema\\\/logo\\\/image\\\/\"},\"sameAs\":[\"https:\\\/\\\/www.facebook.com\\\/profile.php?id=100083069097830\"]}]}<\/script>\n<!-- \/ Yoast SEO plugin. -->","yoast_head_json":{"title":"RINOPLASTIA - Cirujanos Certificados Mexicali","description":"remodela la nariz, corrige problemas respiratorios comunes o defectos de nacimiento, cirujanos certificados en mexicali. Dr. dagoberto Martinez","robots":{"index":"index","follow":"follow","max-snippet":"max-snippet:-1","max-image-preview":"max-image-preview:large","max-video-preview":"max-video-preview:-1"},"canonical":"https:\/\/www.cirujanoscertificadosmexicali.com\/espanol\/cirujias-y-control-de-peso\/rinoplastia-nariz-remodela-cirujano-certificado-en-mexicali-dagoberto-martinez\/","og_locale":"es_ES","og_type":"article","og_title":"RINOPLASTIA - Cirujanos Certificados Mexicali","og_description":"remodela la nariz, corrige problemas respiratorios comunes o defectos de nacimiento, cirujanos certificados en mexicali. Dr. dagoberto Martinez","og_url":"https:\/\/www.cirujanoscertificadosmexicali.com\/espanol\/cirujias-y-control-de-peso\/rinoplastia-nariz-remodela-cirujano-certificado-en-mexicali-dagoberto-martinez\/","og_site_name":"Cirujanos Certificados Mexicali","article_publisher":"https:\/\/www.facebook.com\/profile.php?id=100083069097830","article_modified_time":"2023-03-23T19:48:15+00:00","og_image":[{"url":"http:\/\/www.cirujanoscertificadosmexicali.com\/espanol\/wp-content\/uploads\/2023\/03\/pngtree-golden-gradient-book-now-sticker-design-free-vector-download-png-image_8701882-edited-1024x576.png","type":"","width":"","height":""}],"twitter_card":"summary_large_image","twitter_misc":{"Tiempo de lectura":"2 minutos"},"schema":{"@context":"https:\/\/schema.org","@graph":[{"@type":"WebPage","@id":"https:\/\/www.cirujanoscertificadosmexicali.com\/espanol\/cirujias-y-control-de-peso\/rinoplastia-nariz-remodela-cirujano-certificado-en-mexicali-dagoberto-martinez\/","url":"https:\/\/www.cirujanoscertificadosmexicali.com\/espanol\/cirujias-y-control-de-peso\/rinoplastia-nariz-remodela-cirujano-certificado-en-mexicali-dagoberto-martinez\/","name":"RINOPLASTIA - Cirujanos Certificados Mexicali","isPartOf":{"@id":"https:\/\/www.cirujanoscertificadosmexicali.com\/espanol\/#website"},"primaryImageOfPage":{"@id":"https:\/\/www.cirujanoscertificadosmexicali.com\/espanol\/cirujias-y-control-de-peso\/rinoplastia-nariz-remodela-cirujano-certificado-en-mexicali-dagoberto-martinez\/#primaryimage"},"image":{"@id":"https:\/\/www.cirujanoscertificadosmexicali.com\/espanol\/cirujias-y-control-de-peso\/rinoplastia-nariz-remodela-cirujano-certificado-en-mexicali-dagoberto-martinez\/#primaryimage"},"thumbnailUrl":"http:\/\/www.cirujanoscertificadosmexicali.com\/espanol\/wp-content\/uploads\/2023\/03\/pngtree-golden-gradient-book-now-sticker-design-free-vector-download-png-image_8701882-edited-1024x576.png","datePublished":"2023-03-15T20:44:50+00:00","dateModified":"2023-03-23T19:48:15+00:00","description":"remodela la nariz, corrige problemas respiratorios comunes o defectos de nacimiento, cirujanos certificados en mexicali. Dr. dagoberto Martinez","breadcrumb":{"@id":"https:\/\/www.cirujanoscertificadosmexicali.com\/espanol\/cirujias-y-control-de-peso\/rinoplastia-nariz-remodela-cirujano-certificado-en-mexicali-dagoberto-martinez\/#breadcrumb"},"inLanguage":"es","potentialAction":[{"@type":"ReadAction","target":["https:\/\/www.cirujanoscertificadosmexicali.com\/espanol\/cirujias-y-control-de-peso\/rinoplastia-nariz-remodela-cirujano-certificado-en-mexicali-dagoberto-martinez\/"]}]},{"@type":"ImageObject","inLanguage":"es","@id":"https:\/\/www.cirujanoscertificadosmexicali.com\/espanol\/cirujias-y-control-de-peso\/rinoplastia-nariz-remodela-cirujano-certificado-en-mexicali-dagoberto-martinez\/#primaryimage","url":"http:\/\/www.cirujanoscertificadosmexicali.com\/espanol\/wp-content\/uploads\/2023\/03\/pngtree-golden-gradient-book-now-sticker-design-free-vector-download-png-image_8701882-edited-1024x576.png","contentUrl":"http:\/\/www.cirujanoscertificadosmexicali.com\/espanol\/wp-content\/uploads\/2023\/03\/pngtree-golden-gradient-book-now-sticker-design-free-vector-download-png-image_8701882-edited-1024x576.png"},{"@type":"BreadcrumbList","@id":"https:\/\/www.cirujanoscertificadosmexicali.com\/espanol\/cirujias-y-control-de-peso\/rinoplastia-nariz-remodela-cirujano-certificado-en-mexicali-dagoberto-martinez\/#breadcrumb","itemListElement":[{"@type":"ListItem","position":1,"name":"Portada","item":"https:\/\/www.cirujanoscertificadosmexicali.com\/espanol\/"},{"@type":"ListItem","position":2,"name":"PROCEDIMIENTOS","item":"https:\/\/www.cirujanoscertificadosmexicali.com\/espanol\/cirujias-y-control-de-peso\/"},{"@type":"ListItem","position":3,"name":"RINOPLASTIA"}]},{"@type":"WebSite","@id":"https:\/\/www.cirujanoscertificadosmexicali.com\/espanol\/#website","url":"https:\/\/www.cirujanoscertificadosmexicali.com\/espanol\/","name":"Cirujanos Certificados Mexicali","description":"","publisher":{"@id":"https:\/\/www.cirujanoscertificadosmexicali.com\/espanol\/#organization"},"potentialAction":[{"@type":"SearchAction","target":{"@type":"EntryPoint","urlTemplate":"https:\/\/www.cirujanoscertificadosmexicali.com\/espanol\/?s={search_term_string}"},"query-input":{"@type":"PropertyValueSpecification","valueRequired":true,"valueName":"search_term_string"}}],"inLanguage":"es"},{"@type":"Organization","@id":"https:\/\/www.cirujanoscertificadosmexicali.com\/espanol\/#organization","name":"Cirujanos Certificados Mexicali","url":"https:\/\/www.cirujanoscertificadosmexicali.com\/espanol\/","logo":{"@type":"ImageObject","inLanguage":"es","@id":"https:\/\/www.cirujanoscertificadosmexicali.com\/espanol\/#\/schema\/logo\/image\/","url":"https:\/\/i0.wp.com\/www.cirujanoscertificadosmexicali.com\/wp-content\/uploads\/2023\/03\/313403251_817104909699317_8794777502193155684_n.jpg?fit=361%2C361&ssl=1","contentUrl":"https:\/\/i0.wp.com\/www.cirujanoscertificadosmexicali.com\/wp-content\/uploads\/2023\/03\/313403251_817104909699317_8794777502193155684_n.jpg?fit=361%2C361&ssl=1","width":361,"height":361,"caption":"Cirujanos Certificados Mexicali"},"image":{"@id":"https:\/\/www.cirujanoscertificadosmexicali.com\/espanol\/#\/schema\/logo\/image\/"},"sameAs":["https:\/\/www.facebook.com\/profile.php?id=100083069097830"]}]}},"_links":{"self":[{"href":"https:\/\/www.cirujanoscertificadosmexicali.com\/espanol\/wp-json\/wp\/v2\/pages\/87","targetHints":{"allow":["GET"]}}],"collection":[{"href":"https:\/\/www.cirujanoscertificadosmexicali.com\/espanol\/wp-json\/wp\/v2\/pages"}],"about":[{"href":"https:\/\/www.cirujanoscertificadosmexicali.com\/espanol\/wp-json\/wp\/v2\/types\/page"}],"author":[{"embeddable":true,"href":"https:\/\/www.cirujanoscertificadosmexicali.com\/espanol\/wp-json\/wp\/v2\/users\/1"}],"replies":[{"embeddable":true,"href":"https:\/\/www.cirujanoscertificadosmexicali.com\/espanol\/wp-json\/wp\/v2\/comments?post=87"}],"version-history":[{"count":8,"href":"https:\/\/www.cirujanoscertificadosmexicali.com\/espanol\/wp-json\/wp\/v2\/pages\/87\/revisions"}],"predecessor-version":[{"id":309,"href":"https:\/\/www.cirujanoscertificadosmexicali.com\/espanol\/wp-json\/wp\/v2\/pages\/87\/revisions\/309"}],"up":[{"embeddable":true,"href":"https:\/\/www.cirujanoscertificadosmexicali.com\/espanol\/wp-json\/wp\/v2\/pages\/65"}],"wp:attachment":[{"href":"https:\/\/www.cirujanoscertificadosmexicali.com\/espanol\/wp-json\/wp\/v2\/media?parent=87"}],"curies":[{"name":"wp","href":"https:\/\/api.w.org\/{rel}","templated":true}]}}